{"id":29159,"date":"2024-12-20T20:54:50","date_gmt":"2024-12-20T18:54:50","guid":{"rendered":"https:\/\/losebig.gr\/zimt\/"},"modified":"2025-02-13T11:22:22","modified_gmt":"2025-02-13T09:22:22","slug":"zimt","status":"publish","type":"page","link":"https:\/\/losebig.gr\/de\/zimt\/","title":{"rendered":"Zimt"},"content":{"rendered":"\t\t<div data-elementor-type=\"wp-page\" data-elementor-id=\"29159\" class=\"elementor elementor-29159 elementor-17556\" data-elementor-post-type=\"page\">\n\t\t\t\t<div class=\"wd-negative-gap elementor-element elementor-element-b94dbbb e-flex e-con-boxed e-con e-parent\" data-id=\"b94dbbb\" data-element_type=\"container\" data-e-type=\"container\">\n\t\t\t\t\t<div class=\"e-con-inner\">\n\t\t\t\t<div class=\"elementor-element elementor-element-338c5a0 heading elementor-widget__width-initial elementor-widget-mobile__width-inherit elementor-widget elementor-widget-heading\" data-id=\"338c5a0\" data-element_type=\"widget\" data-e-type=\"widget\" data-widget_type=\"heading.default\">\n\t\t\t\t\t<h1 class=\"elementor-heading-title elementor-size-default\"><br>FORSCHUNG<u>F\u00dcR ZIMT<\/u><\/h1>\t\t\t\t<\/div>\n\t\t\t\t<div class=\"elementor-element elementor-element-4370b87 elementor-widget__width-initial elementor-widget-mobile__width-inherit color-scheme-inherit text-left elementor-widget elementor-widget-text-editor\" data-id=\"4370b87\" data-element_type=\"widget\" data-e-type=\"widget\" data-widget_type=\"text-editor.default\">\n\t\t\t\t\t\t\t\t\t<p>Die jahrtausendealte Tradition und Erfahrung mit den positiven gesundheitlichen Wirkungen von Zimt wird nun von der Wissenschaft best\u00e4tigt, allein dies ist die gr\u00f6\u00dfte &#8220;klinische Studie&#8221;, die jemals durchgef\u00fchrt wurde. Die MHCP-Substanz in Zimt wirkt sich positiv auf den Zuckerhaushalt aus und macht LOSEBIG zu einer noch wirkungsvolleren Hilfe bei Ihren Bem\u00fchungen. <\/p>\n\t\t\t\t\t\t\t\t<\/div>\n\t\t\t\t\t<\/div>\n\t\t\t\t<\/div>\n\t\t<div class=\"wd-negative-gap elementor-element elementor-element-33b4329 wd-section-stretch e-flex e-con-boxed e-con e-parent\" data-id=\"33b4329\" data-element_type=\"container\" data-e-type=\"container\" data-settings=\"{&quot;background_background&quot;:&quot;classic&quot;}\">\n\t\t\t\t\t<div class=\"e-con-inner\">\n\t\t\t\t<div class=\"elementor-element elementor-element-361496c heading elementor-widget elementor-widget-heading\" data-id=\"361496c\" data-element_type=\"widget\" data-e-type=\"widget\" data-widget_type=\"heading.default\">\n\t\t\t\t\t<h2 class=\"elementor-heading-title elementor-size-default\"> <u>CANELA<\/u><\/h2>\t\t\t\t<\/div>\n\t\t\t\t<div class=\"elementor-element elementor-element-2bc45b8 text-center color-scheme-inherit elementor-widget elementor-widget-text-editor\" data-id=\"2bc45b8\" data-element_type=\"widget\" data-e-type=\"widget\" data-widget_type=\"text-editor.default\">\n\t\t\t\t\t\t\t\t\t<p>Das ber\u00fchmte MHCP aus Zimt bei LOSEBIG<\/p>\n\t\t\t\t\t\t\t\t<\/div>\n\t\t<div class=\"elementor-element elementor-element-18fbbdb e-con-full e-flex e-con e-child\" data-id=\"18fbbdb\" data-element_type=\"container\" data-e-type=\"container\">\n\t\t<div class=\"elementor-element elementor-element-af605b9 e-con-full e-flex e-con e-child\" data-id=\"af605b9\" data-element_type=\"container\" data-e-type=\"container\">\n\t\t\t\t<div class=\"elementor-element elementor-element-717c0c1 heading elementor-widget-tablet__width-inherit elementor-widget elementor-widget-heading\" data-id=\"717c0c1\" data-element_type=\"widget\" data-e-type=\"widget\" data-widget_type=\"heading.default\">\n\t\t\t\t\t<h2 class=\"elementor-heading-title elementor-size-default\">WAS IST <u>MHCP<\/u><\/h2>\t\t\t\t<\/div>\n\t\t\t\t<div class=\"elementor-element elementor-element-9881950 txt-no-col color-scheme-inherit text-left elementor-widget elementor-widget-text-editor\" data-id=\"9881950\" data-element_type=\"widget\" data-e-type=\"widget\" data-widget_type=\"text-editor.default\">\n\t\t\t\t\t\t\t\t\t<p>Zimt enth\u00e4lt den Wirkstoff MHCP, ein Hydroxychalkon, das als Mimetikum f\u00fcr Insulin in 3T3-L1-Fettzellen wirkt, d.h. es hat eine insulinomimetische Wirkung.<\/p>\n<p>Die Einnahme von MHCP stimuliert die Glukoseaufnahme und die Glykogensynthese auf einem \u00e4hnlichen Niveau wie Insulin. In einer Studie wurde die Glykogensynthese sowohl durch Bortmannin als auch durch LY294002, einem Anti-PI-3-Kinase-Inhibitor, gehemmt. Dar\u00fcber hinaus aktivierte die MHCP-Behandlung die Glykogensynthese und hemmte die Glykogen-Kinase-3-beta-Syntheseaktivit\u00e4ten, bekannte Wirkungen der Insulinbehandlung. Die Analyse des Insulinrezeptors zeigte, dass der Rezeptor bei der Exposition mit MHCP phosphoryliert wurde. Dies deutet darauf hin, dass der Insulinfluss durch MHCP aktiviert wurde.    <\/p>\n\t\t\t\t\t\t\t\t<\/div>\n\t\t\t\t<\/div>\n\t\t\t\t<div class=\"elementor-element elementor-element-5af0940 elementor-widget__width-initial elementor-widget-mobile__width-inherit elementor-widget elementor-widget-image\" data-id=\"5af0940\" data-element_type=\"widget\" data-e-type=\"widget\" data-widget_type=\"image.default\">\n\t\t\t\t\t\t\t\t\t\t\t\t\t\t\t<img loading=\"lazy\" decoding=\"async\" width=\"845\" height=\"660\" src=\"https:\/\/losebig.gr\/wp-content\/uploads\/2024\/12\/Studies-Cinnamon-01.jpg\" class=\"attachment-full size-full wp-image-29160\" alt=\"\" srcset=\"https:\/\/losebig.gr\/wp-content\/uploads\/2024\/12\/Studies-Cinnamon-01.jpg 845w, https:\/\/losebig.gr\/wp-content\/uploads\/2024\/12\/Studies-Cinnamon-01-384x300.jpg 384w, https:\/\/losebig.gr\/wp-content\/uploads\/2024\/12\/Studies-Cinnamon-01-768x600.jpg 768w, https:\/\/losebig.gr\/wp-content\/uploads\/2024\/12\/Studies-Cinnamon-01-600x469.jpg 600w, https:\/\/losebig.gr\/wp-content\/uploads\/2024\/12\/Studies-Cinnamon-01-250x195.jpg 250w\" sizes=\"auto, (max-width: 845px) 100vw, 845px\" title=\"\">\t\t\t\t\t\t\t\t\t\t\t\t\t\t\t<\/div>\n\t\t\t\t<div class=\"elementor-element elementor-element-e538263 elementor-widget__width-initial elementor-widget-mobile__width-inherit elementor-widget elementor-widget-image\" data-id=\"e538263\" data-element_type=\"widget\" data-e-type=\"widget\" data-widget_type=\"image.default\">\n\t\t\t\t\t\t\t\t\t\t\t\t\t\t\t<img loading=\"lazy\" decoding=\"async\" width=\"845\" height=\"660\" src=\"https:\/\/losebig.gr\/wp-content\/uploads\/2024\/12\/Studies-Cinnamon-02.jpg\" class=\"attachment-full size-full wp-image-29161\" alt=\"\" srcset=\"https:\/\/losebig.gr\/wp-content\/uploads\/2024\/12\/Studies-Cinnamon-02.jpg 845w, https:\/\/losebig.gr\/wp-content\/uploads\/2024\/12\/Studies-Cinnamon-02-384x300.jpg 384w, https:\/\/losebig.gr\/wp-content\/uploads\/2024\/12\/Studies-Cinnamon-02-768x600.jpg 768w, https:\/\/losebig.gr\/wp-content\/uploads\/2024\/12\/Studies-Cinnamon-02-600x469.jpg 600w, https:\/\/losebig.gr\/wp-content\/uploads\/2024\/12\/Studies-Cinnamon-02-250x195.jpg 250w\" sizes=\"auto, (max-width: 845px) 100vw, 845px\" title=\"\">\t\t\t\t\t\t\t\t\t\t\t\t\t\t\t<\/div>\n\t\t<div class=\"elementor-element elementor-element-16b75c2 e-con-full e-flex e-con e-child\" data-id=\"16b75c2\" data-element_type=\"container\" data-e-type=\"container\">\n\t\t\t\t<div class=\"elementor-element elementor-element-46bac88 txt-no-col color-scheme-inherit text-left elementor-widget elementor-widget-text-editor\" data-id=\"46bac88\" data-element_type=\"widget\" data-e-type=\"widget\" data-widget_type=\"text-editor.default\">\n\t\t\t\t\t\t\t\t\t<p>Neben dem Vergleich von MHCP mit Insulin wurden auch Experimente mit einer Kombination aus MHCP und Insulin durchgef\u00fchrt. Die Reaktionen, die bei der dualen Behandlung beobachtet wurden, waren gr\u00f6\u00dfer als bei der additiven Behandlung, was auf eine Synergie zwischen den beiden Substanzen hindeutet. <\/p>\n<p>Zusammengenommen zeigen diese Ergebnisse, dass Zimt-MHCP ein wirksames Insulin-Mimetikum ist. MHCP k\u00f6nnte bei Insulinresistenz n\u00fctzlich sein. <\/p>\n<p><strong>Nachforschungen:<\/strong><\/p>\n<ul>\n<li><a href=\"https:\/\/pubmed.ncbi.nlm.nih.gov\/11506060\/\" target=\"_blank\" rel=\"noopener\">Ein aus Zimt gewonnenes Hydroxychalkon wirkt als Mimetikum f\u00fcr Insulin in 3T3-L1 Adipozyten<\/a><\/li>\n<li><a href=\"https:\/\/www.ars.usda.gov\/news-events\/news\/research-news\/2000\/cinnamon-extract-spices-up-sugar-metabolism\/\" target=\"_blank\" rel=\"noopener\">Zimtextrakt bringt den Zuckerstoffwechsel in Schwung<\/a><\/li>\n<\/ul>\n\t\t\t\t\t\t\t\t<\/div>\n\t\t\t\t<\/div>\n\t\t\t\t<\/div>\n\t\t\t\t\t<\/div>\n\t\t\t\t<\/div>\n\t\t\t\t<\/div>\n\t\t","protected":false},"excerpt":{"rendered":"<p>FORSCHUNGF\u00dcR ZIMT Die jahrtausendealte Tradition und Erfahrung mit den positiven gesundheitlichen Wirkungen von Zimt wird nun von der Wissenschaft best\u00e4tigt,<\/p>\n","protected":false},"author":5,"featured_media":0,"parent":0,"menu_order":3,"comment_status":"closed","ping_status":"closed","template":"","meta":{"footnotes":""},"class_list":["post-29159","page","type-page","status-publish","hentry"],"_links":{"self":[{"href":"https:\/\/losebig.gr\/de\/wp-json\/wp\/v2\/pages\/29159","targetHints":{"allow":["GET"]}}],"collection":[{"href":"https:\/\/losebig.gr\/de\/wp-json\/wp\/v2\/pages"}],"about":[{"href":"https:\/\/losebig.gr\/de\/wp-json\/wp\/v2\/types\/page"}],"author":[{"embeddable":true,"href":"https:\/\/losebig.gr\/de\/wp-json\/wp\/v2\/users\/5"}],"replies":[{"embeddable":true,"href":"https:\/\/losebig.gr\/de\/wp-json\/wp\/v2\/comments?post=29159"}],"version-history":[{"count":2,"href":"https:\/\/losebig.gr\/de\/wp-json\/wp\/v2\/pages\/29159\/revisions"}],"predecessor-version":[{"id":29164,"href":"https:\/\/losebig.gr\/de\/wp-json\/wp\/v2\/pages\/29159\/revisions\/29164"}],"wp:attachment":[{"href":"https:\/\/losebig.gr\/de\/wp-json\/wp\/v2\/media?parent=29159"}],"curies":[{"name":"wp","href":"https:\/\/api.w.org\/{rel}","templated":true}]}}