{"id":29172,"date":"2025-01-07T12:38:02","date_gmt":"2025-01-07T10:38:02","guid":{"rendered":"https:\/\/losebig.gr\/l-tyrosin\/"},"modified":"2025-02-13T11:22:27","modified_gmt":"2025-02-13T09:22:27","slug":"l-tyrosin","status":"publish","type":"page","link":"https:\/\/losebig.gr\/de\/l-tyrosin\/","title":{"rendered":"L-Tyrosin"},"content":{"rendered":"\t\t<div data-elementor-type=\"wp-page\" data-elementor-id=\"29172\" class=\"elementor elementor-29172 elementor-19912\" data-elementor-post-type=\"page\">\n\t\t\t\t<div class=\"wd-negative-gap elementor-element elementor-element-b94dbbb e-flex e-con-boxed e-con e-parent\" data-id=\"b94dbbb\" data-element_type=\"container\" data-e-type=\"container\">\n\t\t\t\t\t<div class=\"e-con-inner\">\n\t\t\t\t<div class=\"elementor-element elementor-element-338c5a0 heading elementor-widget__width-initial elementor-widget-mobile__width-inherit elementor-widget elementor-widget-heading\" data-id=\"338c5a0\" data-element_type=\"widget\" data-e-type=\"widget\" data-widget_type=\"heading.default\">\n\t\t\t\t\t<h1 class=\"elementor-heading-title elementor-size-default\"><br>UNTERSUCHUNGEN ZU<u>TYROSIN<\/u><\/h1>\t\t\t\t<\/div>\n\t\t\t\t<div class=\"elementor-element elementor-element-4370b87 elementor-widget__width-initial elementor-widget-mobile__width-inherit color-scheme-inherit text-left elementor-widget elementor-widget-text-editor\" data-id=\"4370b87\" data-element_type=\"widget\" data-e-type=\"widget\" data-widget_type=\"text-editor.default\">\n\t\t\t\t\t\t\t\t\t<p>L-Tyrosin ist eine Aminos\u00e4ure, die zur Produktion von Neurotransmittern wie Dopamin und Noradrenalin beitr\u00e4gt, die eine Rolle bei der Regulierung von Stimmung und Energie spielen. Die verbesserte geistige Konzentration und die gesteigerte Energie, die sich aus dem Verzehr von L-Tyrosin ergeben k\u00f6nnen, k\u00f6nnen einen aktiven Lebensstil unterst\u00fctzen, der der Schl\u00fcssel zur Gewichtsabnahme ist. <\/p>\n\t\t\t\t\t\t\t\t<\/div>\n\t\t\t\t\t<\/div>\n\t\t\t\t<\/div>\n\t\t<div class=\"wd-negative-gap elementor-element elementor-element-18c4cd2 wd-section-stretch e-flex e-con-boxed e-con e-parent\" data-id=\"18c4cd2\" data-element_type=\"container\" data-e-type=\"container\" data-settings=\"{&quot;background_background&quot;:&quot;classic&quot;}\">\n\t\t\t\t\t<div class=\"e-con-inner\">\n\t\t\t\t<div class=\"elementor-element elementor-element-5eb6d78 heading elementor-widget elementor-widget-heading\" data-id=\"5eb6d78\" data-element_type=\"widget\" data-e-type=\"widget\" data-widget_type=\"heading.default\">\n\t\t\t\t\t<h2 class=\"elementor-heading-title elementor-size-default\">LOSEBIG &amp; <u>TYROSHINE<\/u><\/h2>\t\t\t\t<\/div>\n\t\t\t\t<div class=\"elementor-element elementor-element-f4dbbc7 text-center color-scheme-inherit elementor-widget elementor-widget-text-editor\" data-id=\"f4dbbc7\" data-element_type=\"widget\" data-e-type=\"widget\" data-widget_type=\"text-editor.default\">\n\t\t\t\t\t\t\t\t\t<p>L-Tyrosin ist eine wichtige Aminos\u00e4ure f\u00fcr den menschlichen K\u00f6rper.<\/p>\n\t\t\t\t\t\t\t\t<\/div>\n\t\t<div class=\"elementor-element elementor-element-55e8092 e-con-full e-flex e-con e-child\" data-id=\"55e8092\" data-element_type=\"container\" data-e-type=\"container\">\n\t\t<div class=\"elementor-element elementor-element-adf2c46 e-con-full e-flex e-con e-child\" data-id=\"adf2c46\" data-element_type=\"container\" data-e-type=\"container\">\n\t\t\t\t<div class=\"elementor-element elementor-element-f04deed txt-no-col color-scheme-inherit text-left elementor-widget elementor-widget-text-editor\" data-id=\"f04deed\" data-element_type=\"widget\" data-e-type=\"widget\" data-widget_type=\"text-editor.default\">\n\t\t\t\t\t\t\t\t\t<p>Es ist unentbehrlich f\u00fcr die Produktion von wichtigen Neurotransmittern wie Dopamin, Noradrenalin und Adrenalin, die die Stimmung, das Ged\u00e4chtnis und die Energie regulieren. Das in Losebig Spray enthaltene Tyrosin ist eine Vorstufe der oben genannten Substanzen und ist eine gute Wahl f\u00fcr alle, die abnehmen m\u00f6chten, da es theoretisch dazu beitragen kann, den Stoffwechsel zu beschleunigen. <\/p>\n<p><span style=\"text-decoration: underline;\">Beitrag zur Funktion der Schilddr\u00fcse:<\/span> Sie steuert den Stoffwechsel und die Energie unseres K\u00f6rpers.<\/p>\n\t\t\t\t\t\t\t\t<\/div>\n\t\t\t\t<\/div>\n\t\t\t\t<div class=\"elementor-element elementor-element-0ca1876 elementor-widget__width-initial elementor-widget-mobile__width-inherit elementor-widget-tablet__width-inherit elementor-widget elementor-widget-image\" data-id=\"0ca1876\" data-element_type=\"widget\" data-e-type=\"widget\" data-widget_type=\"image.default\">\n\t\t\t\t\t\t\t\t\t\t\t\t\t\t\t<img loading=\"lazy\" decoding=\"async\" width=\"845\" height=\"660\" src=\"https:\/\/losebig.gr\/wp-content\/uploads\/2025\/01\/Studies-Ltyrosine-01.jpg\" class=\"attachment-full size-full wp-image-29220\" alt=\"\" srcset=\"https:\/\/losebig.gr\/wp-content\/uploads\/2025\/01\/Studies-Ltyrosine-01.jpg 845w, https:\/\/losebig.gr\/wp-content\/uploads\/2025\/01\/Studies-Ltyrosine-01-384x300.jpg 384w, https:\/\/losebig.gr\/wp-content\/uploads\/2025\/01\/Studies-Ltyrosine-01-768x600.jpg 768w, https:\/\/losebig.gr\/wp-content\/uploads\/2025\/01\/Studies-Ltyrosine-01-600x469.jpg 600w, https:\/\/losebig.gr\/wp-content\/uploads\/2025\/01\/Studies-Ltyrosine-01-250x195.jpg 250w\" sizes=\"auto, (max-width: 845px) 100vw, 845px\" title=\"\">\t\t\t\t\t\t\t\t\t\t\t\t\t\t\t<\/div>\n\t\t\t\t<\/div>\n\t\t\t\t\t<\/div>\n\t\t\t\t<\/div>\n\t\t\t\t<\/div>\n\t\t","protected":false},"excerpt":{"rendered":"<p>UNTERSUCHUNGEN ZUTYROSIN L-Tyrosin ist eine Aminos\u00e4ure, die zur Produktion von Neurotransmittern wie Dopamin und Noradrenalin beitr\u00e4gt, die eine Rolle bei<\/p>\n","protected":false},"author":5,"featured_media":0,"parent":0,"menu_order":3,"comment_status":"closed","ping_status":"closed","template":"","meta":{"footnotes":""},"class_list":["post-29172","page","type-page","status-publish","hentry"],"_links":{"self":[{"href":"https:\/\/losebig.gr\/de\/wp-json\/wp\/v2\/pages\/29172","targetHints":{"allow":["GET"]}}],"collection":[{"href":"https:\/\/losebig.gr\/de\/wp-json\/wp\/v2\/pages"}],"about":[{"href":"https:\/\/losebig.gr\/de\/wp-json\/wp\/v2\/types\/page"}],"author":[{"embeddable":true,"href":"https:\/\/losebig.gr\/de\/wp-json\/wp\/v2\/users\/5"}],"replies":[{"embeddable":true,"href":"https:\/\/losebig.gr\/de\/wp-json\/wp\/v2\/comments?post=29172"}],"version-history":[{"count":2,"href":"https:\/\/losebig.gr\/de\/wp-json\/wp\/v2\/pages\/29172\/revisions"}],"predecessor-version":[{"id":29174,"href":"https:\/\/losebig.gr\/de\/wp-json\/wp\/v2\/pages\/29172\/revisions\/29174"}],"wp:attachment":[{"href":"https:\/\/losebig.gr\/de\/wp-json\/wp\/v2\/media?parent=29172"}],"curies":[{"name":"wp","href":"https:\/\/api.w.org\/{rel}","templated":true}]}}