{"id":29175,"date":"2025-01-07T12:39:07","date_gmt":"2025-01-07T10:39:07","guid":{"rendered":"https:\/\/losebig.gr\/nad\/"},"modified":"2025-02-13T11:22:27","modified_gmt":"2025-02-13T09:22:27","slug":"nad","status":"publish","type":"page","link":"https:\/\/losebig.gr\/de\/nad\/","title":{"rendered":"NAD"},"content":{"rendered":"\t\t<div data-elementor-type=\"wp-page\" data-elementor-id=\"29175\" class=\"elementor elementor-29175 elementor-19917\" data-elementor-post-type=\"page\">\n\t\t\t\t<div class=\"wd-negative-gap elementor-element elementor-element-b94dbbb e-flex e-con-boxed e-con e-parent\" data-id=\"b94dbbb\" data-element_type=\"container\" data-e-type=\"container\">\n\t\t\t\t\t<div class=\"e-con-inner\">\n\t\t\t\t<div class=\"elementor-element elementor-element-338c5a0 heading elementor-widget__width-initial elementor-widget-mobile__width-inherit elementor-widget elementor-widget-heading\" data-id=\"338c5a0\" data-element_type=\"widget\" data-e-type=\"widget\" data-widget_type=\"heading.default\">\n\t\t\t\t\t<h1 class=\"elementor-heading-title elementor-size-default\"><br>FORSCHUNG F\u00dcR<u>NAD<\/u><\/h1>\t\t\t\t<\/div>\n\t\t\t\t<div class=\"elementor-element elementor-element-4370b87 elementor-widget__width-initial elementor-widget-mobile__width-inherit color-scheme-inherit text-left elementor-widget elementor-widget-text-editor\" data-id=\"4370b87\" data-element_type=\"widget\" data-e-type=\"widget\" data-widget_type=\"text-editor.default\">\n\t\t\t\t\t\t\t\t\t<p>NAD (Nicotinamid-Adenin-Dinukleotid) ist ein Coenzym, das an wichtigen biologischen Prozessen wie der Energieproduktion und der DNA-Reparatur beteiligt ist. Da die NAD-Konzentration mit zunehmendem Alter abnimmt, wird eine Unterst\u00fctzung von NAD mit einem verbesserten Stoffwechsel und einer erh\u00f6hten Zellenergie in Verbindung gebracht, Faktoren, die zu einem besseren Gewichtsmanagement beitragen k\u00f6nnen. <\/p>\n\t\t\t\t\t\t\t\t<\/div>\n\t\t\t\t\t<\/div>\n\t\t\t\t<\/div>\n\t\t<div class=\"wd-negative-gap elementor-element elementor-element-34bb2af wd-section-stretch e-flex e-con-boxed e-con e-parent\" data-id=\"34bb2af\" data-element_type=\"container\" data-e-type=\"container\">\n\t\t\t\t\t<div class=\"e-con-inner\">\n\t\t\t\t<div class=\"elementor-element elementor-element-5c3fda3 heading elementor-widget elementor-widget-heading\" data-id=\"5c3fda3\" data-element_type=\"widget\" data-e-type=\"widget\" data-widget_type=\"heading.default\">\n\t\t\t\t\t<h2 class=\"elementor-heading-title elementor-size-default\"><u>NAD,<\/u> GERANSE &amp; <u>PAHYSARCY<\/u><\/h2>\t\t\t\t<\/div>\n\t\t\t\t<div class=\"elementor-element elementor-element-a5fb21b text-center color-scheme-inherit elementor-widget elementor-widget-text-editor\" data-id=\"a5fb21b\" data-element_type=\"widget\" data-e-type=\"widget\" data-widget_type=\"text-editor.default\">\n\t\t\t\t\t\t\t\t\t<p>Was ist NAD und wie wirkt es in LOSEBIG gegen Fettleibigkeit?<\/p>\n\t\t\t\t\t\t\t\t<\/div>\n\t\t<div class=\"elementor-element elementor-element-83af70a e-con-full e-flex e-con e-child\" data-id=\"83af70a\" data-element_type=\"container\" data-e-type=\"container\">\n\t\t<div class=\"elementor-element elementor-element-20661b7 e-con-full e-flex e-con e-child\" data-id=\"20661b7\" data-element_type=\"container\" data-e-type=\"container\">\n\t\t\t\t<div class=\"elementor-element elementor-element-db2562c txt-no-col color-scheme-inherit text-left elementor-widget elementor-widget-text-editor\" data-id=\"db2562c\" data-element_type=\"widget\" data-e-type=\"widget\" data-widget_type=\"text-editor.default\">\n\t\t\t\t\t\t\t\t\t<p>Adenin-Nikotinamid-Dinukleotid bindet als Coenzym, oder &#8220;Helfer&#8221;-Molek\u00fcl, wie es genannt wird, direkt an andere Enzyme und ist an der Aktivierung biochemischer Reaktionen auf zellul\u00e4rer Ebene beteiligt. Ohne es k\u00f6nnte der menschliche K\u00f6rper nicht richtig funktionieren. Es hat die beiden wichtigsten Aufgaben im menschlichen K\u00f6rper, n\u00e4mlich Energie zu erzeugen und die Zellfunktionen zu regulieren. Als akzessorisches Molek\u00fcl beeinflusst es direkt und indirekt viele zellul\u00e4re Funktionen, einschlie\u00dflich DNA-Reparatur, Genexpression und Immunfunktion.   <\/p>\n<p>Der NAD-Spiegel nimmt mit dem Alter ab, da der K\u00f6rper mit zunehmendem Alter weniger produziert. Dar\u00fcber hinaus wird es durch Entz\u00fcndungen und oxidativen Stress im K\u00f6rper zerst\u00f6rt. Ein niedriger NAD-Spiegel ist die Ursache f\u00fcr viele altersbedingte Probleme. Wenn es abnimmt, f\u00fchrt dies zu einem R\u00fcckgang des gesunden Zellstoffwechsels. Dies wiederum f\u00fchrt zu den bekannten Anzeichen des Alterns, wie z.B. Verlust des Muskeltonus, verminderte k\u00f6rperliche Leistungsf\u00e4higkeit, \u00dcbergewicht und Schw\u00e4che.    <\/p>\n\t\t\t\t\t\t\t\t<\/div>\n\t\t\t\t<\/div>\n\t\t\t\t<div class=\"elementor-element elementor-element-1969df5 elementor-widget__width-initial elementor-widget-mobile__width-inherit elementor-widget-tablet__width-inherit elementor-widget elementor-widget-image\" data-id=\"1969df5\" data-element_type=\"widget\" data-e-type=\"widget\" data-widget_type=\"image.default\">\n\t\t\t\t\t\t\t\t\t\t\t\t\t\t\t<img loading=\"lazy\" decoding=\"async\" width=\"845\" height=\"660\" src=\"https:\/\/losebig.gr\/wp-content\/uploads\/2025\/01\/Studies-NAD-01.jpg\" class=\"attachment-full size-full wp-image-29221\" alt=\"\" srcset=\"https:\/\/losebig.gr\/wp-content\/uploads\/2025\/01\/Studies-NAD-01.jpg 845w, https:\/\/losebig.gr\/wp-content\/uploads\/2025\/01\/Studies-NAD-01-384x300.jpg 384w, https:\/\/losebig.gr\/wp-content\/uploads\/2025\/01\/Studies-NAD-01-768x600.jpg 768w, https:\/\/losebig.gr\/wp-content\/uploads\/2025\/01\/Studies-NAD-01-600x469.jpg 600w, https:\/\/losebig.gr\/wp-content\/uploads\/2025\/01\/Studies-NAD-01-250x195.jpg 250w\" sizes=\"auto, (max-width: 845px) 100vw, 845px\" title=\"\">\t\t\t\t\t\t\t\t\t\t\t\t\t\t\t<\/div>\n\t\t\t\t<\/div>\n\t\t\t\t\t<\/div>\n\t\t\t\t<\/div>\n\t\t\t\t<\/div>\n\t\t","protected":false},"excerpt":{"rendered":"<p>FORSCHUNG F\u00dcRNAD NAD (Nicotinamid-Adenin-Dinukleotid) ist ein Coenzym, das an wichtigen biologischen Prozessen wie der Energieproduktion und der DNA-Reparatur beteiligt ist.<\/p>\n","protected":false},"author":5,"featured_media":0,"parent":0,"menu_order":3,"comment_status":"closed","ping_status":"closed","template":"","meta":{"footnotes":""},"class_list":["post-29175","page","type-page","status-publish","hentry"],"_links":{"self":[{"href":"https:\/\/losebig.gr\/de\/wp-json\/wp\/v2\/pages\/29175","targetHints":{"allow":["GET"]}}],"collection":[{"href":"https:\/\/losebig.gr\/de\/wp-json\/wp\/v2\/pages"}],"about":[{"href":"https:\/\/losebig.gr\/de\/wp-json\/wp\/v2\/types\/page"}],"author":[{"embeddable":true,"href":"https:\/\/losebig.gr\/de\/wp-json\/wp\/v2\/users\/5"}],"replies":[{"embeddable":true,"href":"https:\/\/losebig.gr\/de\/wp-json\/wp\/v2\/comments?post=29175"}],"version-history":[{"count":2,"href":"https:\/\/losebig.gr\/de\/wp-json\/wp\/v2\/pages\/29175\/revisions"}],"predecessor-version":[{"id":29177,"href":"https:\/\/losebig.gr\/de\/wp-json\/wp\/v2\/pages\/29175\/revisions\/29177"}],"wp:attachment":[{"href":"https:\/\/losebig.gr\/de\/wp-json\/wp\/v2\/media?parent=29175"}],"curies":[{"name":"wp","href":"https:\/\/api.w.org\/{rel}","templated":true}]}}