{"id":29201,"date":"2024-12-20T20:30:25","date_gmt":"2024-12-20T18:30:25","guid":{"rendered":"https:\/\/losebig.gr\/flieder\/"},"modified":"2025-02-13T11:22:40","modified_gmt":"2025-02-13T09:22:40","slug":"flieder","status":"publish","type":"page","link":"https:\/\/losebig.gr\/de\/flieder\/","title":{"rendered":"Flieder"},"content":{"rendered":"\t\t<div data-elementor-type=\"wp-page\" data-elementor-id=\"29201\" class=\"elementor elementor-29201 elementor-17537\" data-elementor-post-type=\"page\">\n\t\t\t\t<div class=\"wd-negative-gap elementor-element elementor-element-b94dbbb e-flex e-con-boxed e-con e-parent\" data-id=\"b94dbbb\" data-element_type=\"container\" data-e-type=\"container\">\n\t\t\t\t\t<div class=\"e-con-inner\">\n\t\t\t\t<div class=\"elementor-element elementor-element-338c5a0 heading elementor-widget__width-initial elementor-widget-mobile__width-inherit elementor-widget elementor-widget-heading\" data-id=\"338c5a0\" data-element_type=\"widget\" data-e-type=\"widget\" data-widget_type=\"heading.default\">\n\t\t\t\t\t<h1 class=\"elementor-heading-title elementor-size-default\"><br>FORSCHUNG<u>F\u00dcR Flieder<\/u><\/h1>\t\t\t\t<\/div>\n\t\t\t\t<div class=\"elementor-element elementor-element-4370b87 elementor-widget__width-initial elementor-widget-mobile__width-inherit color-scheme-inherit text-left elementor-widget elementor-widget-text-editor\" data-id=\"4370b87\" data-element_type=\"widget\" data-e-type=\"widget\" data-widget_type=\"text-editor.default\">\n\t\t\t\t\t\t\t\t\t<p>Der franz\u00f6sische Flieder ist eine mehrj\u00e4hrige Pflanze mit wei\u00dfen, blauen oder violetten Bl\u00fcten, die im mittelalterlichen Europa unter anderem zur Behandlung von Pest, W\u00fcrmern, Schlangenbissen und Fieber verwendet wurde. Sein lateinischer Name ist Galega officinalis*. <\/p>\n\t\t\t\t\t\t\t\t<\/div>\n\t\t\t\t\t<\/div>\n\t\t\t\t<\/div>\n\t\t<div class=\"wd-negative-gap elementor-element elementor-element-1a13986 wd-section-stretch e-flex e-con-boxed e-con e-parent\" data-id=\"1a13986\" data-element_type=\"container\" data-e-type=\"container\" data-settings=\"{&quot;background_background&quot;:&quot;classic&quot;}\">\n\t\t\t\t\t<div class=\"e-con-inner\">\n\t\t\t\t<div class=\"elementor-element elementor-element-57e5231 heading elementor-widget elementor-widget-heading\" data-id=\"57e5231\" data-element_type=\"widget\" data-e-type=\"widget\" data-widget_type=\"heading.default\">\n\t\t\t\t\t<h2 class=\"elementor-heading-title elementor-size-default\"> <u>Flieder<\/u><\/h2>\t\t\t\t<\/div>\n\t\t\t\t<div class=\"elementor-element elementor-element-b9e7282 text-center color-scheme-inherit elementor-widget elementor-widget-text-editor\" data-id=\"b9e7282\" data-element_type=\"widget\" data-e-type=\"widget\" data-widget_type=\"text-editor.default\">\n\t\t\t\t\t\t\t\t\t<p>Der Hauptinhaltsstoff von LOSEBIG, franz\u00f6sischer Flieder, die Quelle von Metformin<\/p>\n\t\t\t\t\t\t\t\t<\/div>\n\t\t<div class=\"elementor-element elementor-element-eff2117 e-con-full e-flex e-con e-child\" data-id=\"eff2117\" data-element_type=\"container\" data-e-type=\"container\">\n\t\t<div class=\"elementor-element elementor-element-621e337 e-con-full e-flex e-con e-child\" data-id=\"621e337\" data-element_type=\"container\" data-e-type=\"container\">\n\t\t\t\t<div class=\"elementor-element elementor-element-39d086d heading elementor-widget-mobile__width-inherit elementor-widget elementor-widget-heading\" data-id=\"39d086d\" data-element_type=\"widget\" data-e-type=\"widget\" data-widget_type=\"heading.default\">\n\t\t\t\t\t<h2 class=\"elementor-heading-title elementor-size-default\">WAS IST <u>METFORMIN<\/u><\/h2>\t\t\t\t<\/div>\n\t\t\t\t<div class=\"elementor-element elementor-element-6c81b2f txt-no-col color-scheme-inherit text-left elementor-widget elementor-widget-text-editor\" data-id=\"6c81b2f\" data-element_type=\"widget\" data-e-type=\"widget\" data-widget_type=\"text-editor.default\">\n\t\t\t\t\t\t\t\t\t<p>Aus der franz\u00f6sischen Fliederpflanze wird Guanidin extrahiert, eine pflanzliche Substanz, aus der Metformin entsteht, ein Derivat, das f\u00fcr seine F\u00e4higkeit bekannt ist, den Blutzuckerspiegel zu senken, und das Mitte der 1990er Jahre von der FDA zugelassen wurde.<\/p>\n<p>Metformin ist eines der weltweit am h\u00e4ufigsten verschriebenen Medikamente zur pharmakologischen Erstbehandlung von Diabetes Typ II. Die j\u00fcngste Forschung zu Metformin geht weit \u00fcber seine Wirkung auf die Senkung des Blutzuckerspiegels hinaus und umfasst nun auch Studien zu Gewichtsabnahme, Alterung, Krebs und dem Immunsystem. <\/p>\n\t\t\t\t\t\t\t\t<\/div>\n\t\t\t\t<\/div>\n\t\t\t\t<div class=\"elementor-element elementor-element-cbd9eef elementor-widget__width-initial elementor-widget-mobile__width-inherit elementor-widget elementor-widget-image\" data-id=\"cbd9eef\" data-element_type=\"widget\" data-e-type=\"widget\" data-widget_type=\"image.default\">\n\t\t\t\t\t\t\t\t\t\t\t\t\t\t\t<img loading=\"lazy\" decoding=\"async\" width=\"845\" height=\"660\" src=\"https:\/\/losebig.gr\/wp-content\/uploads\/2024\/12\/Studies-Lilac-02.jpg\" class=\"attachment-full size-full wp-image-29206\" alt=\"\" srcset=\"https:\/\/losebig.gr\/wp-content\/uploads\/2024\/12\/Studies-Lilac-02.jpg 845w, https:\/\/losebig.gr\/wp-content\/uploads\/2024\/12\/Studies-Lilac-02-384x300.jpg 384w, https:\/\/losebig.gr\/wp-content\/uploads\/2024\/12\/Studies-Lilac-02-768x600.jpg 768w, https:\/\/losebig.gr\/wp-content\/uploads\/2024\/12\/Studies-Lilac-02-600x469.jpg 600w, https:\/\/losebig.gr\/wp-content\/uploads\/2024\/12\/Studies-Lilac-02-250x195.jpg 250w\" sizes=\"auto, (max-width: 845px) 100vw, 845px\" title=\"\">\t\t\t\t\t\t\t\t\t\t\t\t\t\t\t<\/div>\n\t\t\t\t<div class=\"elementor-element elementor-element-b16e166 elementor-widget__width-initial elementor-widget-mobile__width-inherit elementor-widget elementor-widget-image\" data-id=\"b16e166\" data-element_type=\"widget\" data-e-type=\"widget\" data-widget_type=\"image.default\">\n\t\t\t\t\t\t\t\t\t\t\t\t\t\t\t<img loading=\"lazy\" decoding=\"async\" width=\"845\" height=\"660\" src=\"https:\/\/losebig.gr\/wp-content\/uploads\/2024\/12\/Studies-Lilac-01.jpg\" class=\"attachment-full size-full wp-image-29205\" alt=\"\" srcset=\"https:\/\/losebig.gr\/wp-content\/uploads\/2024\/12\/Studies-Lilac-01.jpg 845w, https:\/\/losebig.gr\/wp-content\/uploads\/2024\/12\/Studies-Lilac-01-384x300.jpg 384w, https:\/\/losebig.gr\/wp-content\/uploads\/2024\/12\/Studies-Lilac-01-768x600.jpg 768w, https:\/\/losebig.gr\/wp-content\/uploads\/2024\/12\/Studies-Lilac-01-600x469.jpg 600w, https:\/\/losebig.gr\/wp-content\/uploads\/2024\/12\/Studies-Lilac-01-250x195.jpg 250w\" sizes=\"auto, (max-width: 845px) 100vw, 845px\" title=\"\">\t\t\t\t\t\t\t\t\t\t\t\t\t\t\t<\/div>\n\t\t<div class=\"elementor-element elementor-element-6307b23 e-con-full e-flex e-con e-child\" data-id=\"6307b23\" data-element_type=\"container\" data-e-type=\"container\">\n\t\t\t\t<div class=\"elementor-element elementor-element-6b93374 heading elementor-widget-mobile__width-inherit elementor-widget elementor-widget-heading\" data-id=\"6b93374\" data-element_type=\"widget\" data-e-type=\"widget\" data-widget_type=\"heading.default\">\n\t\t\t\t\t<h2 class=\"elementor-heading-title elementor-size-default\">GESCHICHTLICHER <u>HINTERGRUND<\/u><\/h2>\t\t\t\t<\/div>\n\t\t\t\t<div class=\"elementor-element elementor-element-f3693fb txt-no-col color-scheme-inherit text-left elementor-widget elementor-widget-text-editor\" data-id=\"f3693fb\" data-element_type=\"widget\" data-e-type=\"widget\" data-widget_type=\"text-editor.default\">\n\t\t\t\t\t\t\t\t\t<p>Hinweise auf die pharmakologischen Wirkungen der Pflanze finden sich in einer Kr\u00e4utersammlung aus dem 17. Jahrhundert (Soukas et al., 2019) und bereits im 18. Jahrhundert empfahl mindestens eine Quelle franz\u00f6sischen Flieder zur Behandlung von \u00fcberm\u00e4\u00dfigem Durst und h\u00e4ufigem Durst, Symptome, die wir heute mit Diabetes Typ I in Verbindung bringen (Bailey, 2017; Bailey und Day, 2004; Witters, 2001).  <\/p>\n<p>Im 19. Jahrhundert gelang es Chemikern, den Wirkstoff des franz\u00f6sischen Flieders, Guanidin, zu isolieren und zu manipulieren, und zu Beginn des 20. In den 1920er und 1930er Jahren wurden Guanidin-Derivate zur Behandlung von Diabetes eingesetzt, aber schlie\u00dflich wegen ihrer Toxizit\u00e4t und der zunehmenden Verf\u00fcgbarkeit von Insulin wieder eingestellt. Die Informationen wurden &#8220;ignoriert und vergessen&#8221; (Bailey, 2017).  <\/p>\n\t\t\t\t\t\t\t\t<\/div>\n\t\t\t\t<\/div>\n\t\t<div class=\"elementor-element elementor-element-bf27556 e-con-full e-flex e-con e-child\" data-id=\"bf27556\" data-element_type=\"container\" data-e-type=\"container\">\n\t\t\t\t<div class=\"elementor-element elementor-element-0f52871 heading elementor-widget-mobile__width-inherit elementor-widget elementor-widget-heading\" data-id=\"0f52871\" data-element_type=\"widget\" data-e-type=\"widget\" data-widget_type=\"heading.default\">\n\t\t\t\t\t<h2 class=\"elementor-heading-title elementor-size-default\">O JEAN <u>STERNE<\/u><\/h2>\t\t\t\t<\/div>\n\t\t\t\t<div class=\"elementor-element elementor-element-ebd415e txt-no-col color-scheme-inherit text-left elementor-widget elementor-widget-text-editor\" data-id=\"ebd415e\" data-element_type=\"widget\" data-e-type=\"widget\" data-widget_type=\"text-editor.default\">\n\t\t\t\t\t\t\t\t\t<p>Schlie\u00dflich begann ein franz\u00f6sischer Forscher, Jean Sterne, Mitte der 1950er Jahre mit dem, was er &#8220;Glucophage&#8221; nannte, zu experimentieren und ver\u00f6ffentlichte seine Ergebnisse in einer marokkanischen medizinischen Zeitschrift (Bailey 2017; Justice et al, 2021. Die erste Erw\u00e4hnung des Wortes &#8220;Metformin&#8221; (Zusammenziehung von Methyl und Phenformin) stammt aus den fr\u00fchen 1960er Jahren (Oxford English Dictionary; Ferguson et al, 1961).  <\/p>\n<p>Metformin, ein generisches, relativ preiswertes Medikament, hat jedoch ein bemerkenswertes Sicherheits- und Vertr\u00e4glichkeitsprofil und ist zur pharmakologischen Erstbehandlung von Typ-II-Diabetes geworden (Yerevanian und Soukas, 2019.)<\/p>\n\t\t\t\t\t\t\t\t<\/div>\n\t\t\t\t<\/div>\n\t\t\t\t<div class=\"elementor-element elementor-element-b5211b0 elementor-widget__width-initial elementor-widget-tablet__width-inherit elementor-widget elementor-widget-image\" data-id=\"b5211b0\" data-element_type=\"widget\" data-e-type=\"widget\" data-widget_type=\"image.default\">\n\t\t\t\t\t\t\t\t\t\t\t\t\t\t\t<img loading=\"lazy\" decoding=\"async\" width=\"845\" height=\"660\" src=\"https:\/\/losebig.gr\/wp-content\/uploads\/2024\/12\/Studies-Lilac-03.jpg\" class=\"attachment-full size-full wp-image-29204\" alt=\"\" srcset=\"https:\/\/losebig.gr\/wp-content\/uploads\/2024\/12\/Studies-Lilac-03.jpg 845w, https:\/\/losebig.gr\/wp-content\/uploads\/2024\/12\/Studies-Lilac-03-384x300.jpg 384w, https:\/\/losebig.gr\/wp-content\/uploads\/2024\/12\/Studies-Lilac-03-768x600.jpg 768w, https:\/\/losebig.gr\/wp-content\/uploads\/2024\/12\/Studies-Lilac-03-600x469.jpg 600w, https:\/\/losebig.gr\/wp-content\/uploads\/2024\/12\/Studies-Lilac-03-250x195.jpg 250w\" sizes=\"auto, (max-width: 845px) 100vw, 845px\" title=\"\">\t\t\t\t\t\t\t\t\t\t\t\t\t\t\t<\/div>\n\t\t\t\t<\/div>\n\t\t\t\t\t<\/div>\n\t\t\t\t<\/div>\n\t\t<div class=\"wd-negative-gap elementor-element elementor-element-201c4a9 wd-section-stretch e-flex e-con-boxed e-con e-parent\" data-id=\"201c4a9\" data-element_type=\"container\" data-e-type=\"container\">\n\t\t\t\t\t<div class=\"e-con-inner\">\n\t\t\t\t<div class=\"elementor-element elementor-element-19a19ee heading elementor-widget-mobile__width-inherit elementor-widget elementor-widget-heading\" data-id=\"19a19ee\" data-element_type=\"widget\" data-e-type=\"widget\" data-widget_type=\"heading.default\">\n\t\t\t\t\t<h2 class=\"elementor-heading-title elementor-size-default\">FLIEDER GEGEN <u>FETTLEIBIGKEIT<\/u><\/h2>\t\t\t\t<\/div>\n\t\t\t\t<div class=\"elementor-element elementor-element-3864dbb text-center color-scheme-inherit elementor-widget elementor-widget-text-editor\" data-id=\"3864dbb\" data-element_type=\"widget\" data-e-type=\"widget\" data-widget_type=\"text-editor.default\">\n\t\t\t\t\t\t\t\t\t<p>Der Mechanismus der gewichtsreduzierenden Wirkung von French Lilac ist unklar, aber es handelt sich sicherlich um den Abbau von K\u00f6rperfett.<\/p>\n\t\t\t\t\t\t\t\t<\/div>\n\t\t<div class=\"elementor-element elementor-element-93dd1c4 e-con-full e-flex e-con e-child\" data-id=\"93dd1c4\" data-element_type=\"container\" data-e-type=\"container\">\n\t\t<div class=\"elementor-element elementor-element-4498fe1 e-con-full e-flex e-con e-child\" data-id=\"4498fe1\" data-element_type=\"container\" data-e-type=\"container\">\n\t\t\t\t<div class=\"elementor-element elementor-element-cd036da txt-no-col color-scheme-inherit text-left elementor-widget elementor-widget-text-editor\" data-id=\"cd036da\" data-element_type=\"widget\" data-e-type=\"widget\" data-widget_type=\"text-editor.default\">\n\t\t\t\t\t\t\t\t\t<p>*Galega officinalis (Franz\u00f6sischer Flieder) ist f\u00fcr seine blutzuckersenkende Wirkung bekannt und wurde als Teil einer Pflanzenmischung bei der Behandlung von Diabetes mellitus eingesetzt. Bei pharmakologischen Untersuchungen eines ethanolischen Extrakts aus einer pulverisierten Mischung aus gleichen Anteilen von G. officinalis, Cressa cretica, Mangifera indica und Syzygium jambolanum wurde die gewichtsreduzierende Wirkung des franz\u00f6sischen Flieders entdeckt. <\/p>\n<p>Diese Studie untersuchte die neuartige gewichtsreduzierende Wirkung von franz\u00f6sischem Flieder bei Tieren. Das Kraut Galega bewirkte eine signifikante Verringerung des K\u00f6rpergewichts sowohl bei normalgewichtigen als auch bei genetisch fettleibigen Tieren, die 28 Tage lang behandelt wurden, im Vergleich zu ihren unbehandelten Artgenossen. <\/p>\n\t\t\t\t\t\t\t\t<\/div>\n\t\t\t\t<\/div>\n\t\t\t\t<div class=\"elementor-element elementor-element-15ba1d5 elementor-widget__width-initial elementor-widget-mobile__width-inherit elementor-widget elementor-widget-image\" data-id=\"15ba1d5\" data-element_type=\"widget\" data-e-type=\"widget\" data-widget_type=\"image.default\">\n\t\t\t\t\t\t\t\t\t\t\t\t\t\t\t<img loading=\"lazy\" decoding=\"async\" width=\"845\" height=\"660\" src=\"https:\/\/losebig.gr\/wp-content\/uploads\/2024\/12\/Studies-Lilac-04.jpg\" class=\"attachment-full size-full wp-image-29202\" alt=\"\" srcset=\"https:\/\/losebig.gr\/wp-content\/uploads\/2024\/12\/Studies-Lilac-04.jpg 845w, https:\/\/losebig.gr\/wp-content\/uploads\/2024\/12\/Studies-Lilac-04-384x300.jpg 384w, https:\/\/losebig.gr\/wp-content\/uploads\/2024\/12\/Studies-Lilac-04-768x600.jpg 768w, https:\/\/losebig.gr\/wp-content\/uploads\/2024\/12\/Studies-Lilac-04-600x469.jpg 600w, https:\/\/losebig.gr\/wp-content\/uploads\/2024\/12\/Studies-Lilac-04-250x195.jpg 250w\" sizes=\"auto, (max-width: 845px) 100vw, 845px\" title=\"\">\t\t\t\t\t\t\t\t\t\t\t\t\t\t\t<\/div>\n\t\t\t\t<div class=\"elementor-element elementor-element-9bc35cd elementor-widget__width-initial elementor-widget-mobile__width-inherit elementor-widget elementor-widget-image\" data-id=\"9bc35cd\" data-element_type=\"widget\" data-e-type=\"widget\" data-widget_type=\"image.default\">\n\t\t\t\t\t\t\t\t\t\t\t\t\t\t\t<img loading=\"lazy\" decoding=\"async\" width=\"845\" height=\"660\" src=\"https:\/\/losebig.gr\/wp-content\/uploads\/2024\/12\/Studies-Lilac-05.jpg\" class=\"attachment-full size-full wp-image-29203\" alt=\"\" srcset=\"https:\/\/losebig.gr\/wp-content\/uploads\/2024\/12\/Studies-Lilac-05.jpg 845w, https:\/\/losebig.gr\/wp-content\/uploads\/2024\/12\/Studies-Lilac-05-384x300.jpg 384w, https:\/\/losebig.gr\/wp-content\/uploads\/2024\/12\/Studies-Lilac-05-768x600.jpg 768w, https:\/\/losebig.gr\/wp-content\/uploads\/2024\/12\/Studies-Lilac-05-600x469.jpg 600w, https:\/\/losebig.gr\/wp-content\/uploads\/2024\/12\/Studies-Lilac-05-250x195.jpg 250w\" sizes=\"auto, (max-width: 845px) 100vw, 845px\" title=\"\">\t\t\t\t\t\t\t\t\t\t\t\t\t\t\t<\/div>\n\t\t<div class=\"elementor-element elementor-element-f41075c e-con-full e-flex e-con e-child\" data-id=\"f41075c\" data-element_type=\"container\" data-e-type=\"container\">\n\t\t\t\t<div class=\"elementor-element elementor-element-1a653f5 txt-no-col color-scheme-inherit text-left elementor-widget elementor-widget-text-editor\" data-id=\"1a653f5\" data-element_type=\"widget\" data-e-type=\"widget\" data-widget_type=\"text-editor.default\">\n\t\t\t\t\t\t\t\t\t<p>Bei normalen Organismen war der Gewichtsverlust reversibel und ging zun\u00e4chst mit einer vor\u00fcbergehenden Verringerung der Nahrungsaufnahme einher, aber dann blieb der Verlust auch bei erh\u00f6hter Nahrungsaufnahme \u00fcber dem Kontrollniveau erhalten.<\/p>\n<p>Die Gewichtsabnahme der mit Flieder behandelten Tiere ging mit einer signifikanten Verringerung der Nahrungsaufnahme w\u00e4hrend des 28-t\u00e4gigen Behandlungszeitraums einher. Die Untersuchungen aller Tiere, die den Extrakt erhielten, zeigten ein auff\u00e4lliges Fehlen von K\u00f6rperfett. Die Serumglukose war signifikant reduziert, w\u00e4hrend das Seruminsulin nur bei den fettleibigen M\u00e4usen signifikant reduziert war.  <\/p>\n<p>Zusammenfassend l\u00e4sst sich sagen, dass franz\u00f6sischer Flieder neben seinen bekannten hypoglyk\u00e4mischen Wirkungen eine neuartige gewichtsreduzierende Wirkung hat, die bei normalen M\u00e4usen weitgehend unabh\u00e4ngig von einer Verringerung der Nahrungsaufnahme ist.<\/p>\n\t\t\t\t\t\t\t\t<\/div>\n\t\t\t\t<\/div>\n\t\t\t\t<\/div>\n\t\t\t\t\t<\/div>\n\t\t\t\t<\/div>\n\t\t\t\t<\/div>\n\t\t","protected":false},"excerpt":{"rendered":"<p>FORSCHUNGF\u00dcR Flieder Der franz\u00f6sische Flieder ist eine mehrj\u00e4hrige Pflanze mit wei\u00dfen, blauen oder violetten Bl\u00fcten, die im mittelalterlichen Europa unter<\/p>\n","protected":false},"author":5,"featured_media":0,"parent":0,"menu_order":3,"comment_status":"closed","ping_status":"closed","template":"","meta":{"footnotes":""},"class_list":["post-29201","page","type-page","status-publish","hentry"],"_links":{"self":[{"href":"https:\/\/losebig.gr\/de\/wp-json\/wp\/v2\/pages\/29201","targetHints":{"allow":["GET"]}}],"collection":[{"href":"https:\/\/losebig.gr\/de\/wp-json\/wp\/v2\/pages"}],"about":[{"href":"https:\/\/losebig.gr\/de\/wp-json\/wp\/v2\/types\/page"}],"author":[{"embeddable":true,"href":"https:\/\/losebig.gr\/de\/wp-json\/wp\/v2\/users\/5"}],"replies":[{"embeddable":true,"href":"https:\/\/losebig.gr\/de\/wp-json\/wp\/v2\/comments?post=29201"}],"version-history":[{"count":2,"href":"https:\/\/losebig.gr\/de\/wp-json\/wp\/v2\/pages\/29201\/revisions"}],"predecessor-version":[{"id":29208,"href":"https:\/\/losebig.gr\/de\/wp-json\/wp\/v2\/pages\/29201\/revisions\/29208"}],"wp:attachment":[{"href":"https:\/\/losebig.gr\/de\/wp-json\/wp\/v2\/media?parent=29201"}],"curies":[{"name":"wp","href":"https:\/\/api.w.org\/{rel}","templated":true}]}}