{"id":29239,"date":"2024-12-12T11:20:31","date_gmt":"2024-12-12T09:20:31","guid":{"rendered":"https:\/\/losebig.gr\/haeufig-gestellte-fragen\/"},"modified":"2025-02-13T11:24:12","modified_gmt":"2025-02-13T09:24:12","slug":"haeufig-gestellte-fragen","status":"publish","type":"page","link":"https:\/\/losebig.gr\/de\/haeufig-gestellte-fragen\/","title":{"rendered":"H\u00e4ufig gestellte Fragen"},"content":{"rendered":"\t\t<div data-elementor-type=\"wp-page\" data-elementor-id=\"29239\" class=\"elementor elementor-29239 elementor-17174\" data-elementor-post-type=\"page\">\n\t\t\t\t<div class=\"wd-negative-gap elementor-element elementor-element-2f79192 e-flex e-con-boxed e-con e-parent\" data-id=\"2f79192\" data-element_type=\"container\" data-e-type=\"container\">\n\t\t\t\t\t<div class=\"e-con-inner\">\n\t\t\t\t<div class=\"elementor-element elementor-element-a91ce1c heading elementor-widget__width-initial elementor-widget-mobile__width-inherit elementor-widget elementor-widget-heading\" data-id=\"a91ce1c\" data-element_type=\"widget\" data-e-type=\"widget\" data-widget_type=\"heading.default\">\n\t\t\t\t\t<h1 class=\"elementor-heading-title elementor-size-default\"><br>FAQ<u>f\u00fcr LOSEBiG<\/u><\/h1>\t\t\t\t<\/div>\n\t\t\t\t<div class=\"elementor-element elementor-element-e3edde2 elementor-widget__width-initial elementor-widget-mobile__width-inherit txt-no-col color-scheme-inherit text-left elementor-widget elementor-widget-text-editor\" data-id=\"e3edde2\" data-element_type=\"widget\" data-e-type=\"widget\" data-widget_type=\"text-editor.default\">\n\t\t\t\t\t\t\t\t\t<p>Haben Sie Fragen zu LoseBig? Hier finden Sie Antworten auf die am h\u00e4ufigsten gestellten Fragen zu unserem Produkt. Von der Anwendung und den Vorteilen bis hin zu Fragen der Sicherheit und der Inhaltsstoffe haben wir alle Informationen zusammengestellt, die Sie ben\u00f6tigen, um mit Zuversicht loszulegen. Wenn Sie die gew\u00fcnschte Antwort nicht finden, steht Ihnen unser Team jederzeit zur Verf\u00fcgung!   <\/p>\n\t\t\t\t\t\t\t\t<\/div>\n\t\t\t\t\t<\/div>\n\t\t\t\t<\/div>\n\t\t<div class=\"wd-negative-gap elementor-element elementor-element-27e9a81 wd-section-stretch e-flex e-con-boxed e-con e-parent\" data-id=\"27e9a81\" data-element_type=\"container\" data-e-type=\"container\" data-settings=\"{&quot;background_background&quot;:&quot;classic&quot;}\">\n\t\t\t\t\t<div class=\"e-con-inner\">\n\t\t\t\t<div class=\"elementor-element elementor-element-a30e4b1 elementor-widget elementor-widget-shortcode\" data-id=\"a30e4b1\" data-element_type=\"widget\" data-e-type=\"widget\" data-widget_type=\"shortcode.default\">\n\t\t\t\t\t\t\t<div class=\"elementor-shortcode\">\t\t\t<link rel=\"stylesheet\" id=\"elementor-post-29100-css\" href=\"https:\/\/losebig.gr\/wp-content\/uploads\/elementor\/css\/post-29100.css?ver=1776085235\" type=\"text\/css\" media=\"all\">\n\t\t\t\t\t<div data-elementor-type=\"wp-post\" data-elementor-id=\"29100\" class=\"elementor elementor-29100 elementor-21836 elementor-21836\" data-elementor-post-type=\"cms_block\">\n\t\t\t\t<div class=\"wd-negative-gap elementor-element elementor-element-7e03301 e-flex e-con-boxed e-con e-parent\" data-id=\"7e03301\" data-element_type=\"container\" data-e-type=\"container\">\n\t\t\t\t\t<div class=\"e-con-inner\">\n\t\t<div class=\"elementor-element elementor-element-b996041 e-con-full e-flex e-con e-child\" data-id=\"b996041\" data-element_type=\"container\" data-e-type=\"container\">\n\t\t\t\t<div class=\"elementor-element elementor-element-cbe249e elementor-widget__width-inherit elementor-widget-tablet__width-inherit elementor-widget elementor-widget-wd_accordion\" data-id=\"cbe249e\" data-element_type=\"widget\" data-e-type=\"widget\" data-widget_type=\"wd_accordion.default\">\n\t\t\t\t<div class=\"elementor-widget-container\">\n\t\t\t\t\t\n\t\t<div class=\"wd-accordion wd-style-default wd-border-off wd-titles-left wd-opener-pos-right wd-opener-style-plus\" data-state=\"all_closed\">\n\t\t\t\t\t\t\t\n\t\t\t\t<div class=\"wd-accordion-item\">\n\t\t\t\t\t<div class=\"wd-accordion-title wd-role-btn\" data-accordion-index=\"0\" tabindex=\"0\">\n\t\t\t\t\t\t<div class=\"wd-accordion-title-text\">\n\t\t\t\t\t\t\t\t\t\t\t\t\t\t<span>\n\t\t\t\t\t\t\t\tWie funktioniert das?\t\t\t\t\t\t\t<\/span>\n\t\t\t\t\t\t<\/div>\n\t\t\t\t\t\t<span class=\"wd-accordion-opener\"><\/span>\n\t\t\t\t\t<\/div>\n\n\t\t\t\t\t<div class=\"wd-accordion-content wd-entry-content\" data-accordion-index=\"0\">\n\t\t\t\t\t\t\t\t\t\t\t\t\t\n\t\t\t\t\t\t\t<p>In seiner Zusammensetzung enth\u00e4lt es neben Chrom und Flieder den Duft von Vanille, Minze, Banane, gr\u00fcnem Apfel und Grapefruit, die laut Forschung den Appetit z\u00fcgeln und das Verlangen nach S\u00fc\u00dfigkeiten und Naschen (Bulimie) reduzieren, wenn es bei der Verschlimmerung dieser Ph\u00e4nomene verwendet wird.<\/p>\n\t\t\t\t\t\t\t\t\t\t\t\t\t\t\t\t\t\t<\/div>\n\t\t\t\t<\/div>\n\t\t\t\t\t\t\t\n\t\t\t\t<div class=\"wd-accordion-item\">\n\t\t\t\t\t<div class=\"wd-accordion-title wd-role-btn\" data-accordion-index=\"1\" tabindex=\"0\">\n\t\t\t\t\t\t<div class=\"wd-accordion-title-text\">\n\t\t\t\t\t\t\t\t\t\t\t\t\t\t<span>\n\t\t\t\t\t\t\t\tKann LOSEBiG SPRAY zur Gewichtsabnahme beitragen?\t\t\t\t\t\t\t<\/span>\n\t\t\t\t\t\t<\/div>\n\t\t\t\t\t\t<span class=\"wd-accordion-opener\"><\/span>\n\t\t\t\t\t<\/div>\n\n\t\t\t\t\t<div class=\"wd-accordion-content wd-entry-content\" data-accordion-index=\"1\">\n\t\t\t\t\t\t\t\t\t\t\t\t\t\n\t\t\t\t\t\t\t<p>Ja, es gibt Studien, die untersuchen, wie sich Aromen auf die Gewichtsabnahme auswirken k\u00f6nnen. So kann der Verzehr von bitteren Lebensmitteln wie Kaffee oder bitterem Gem\u00fcse dazu beitragen, den Appetit zu z\u00fcgeln und den Stoffwechsel zu steigern. Auch der Geschmack von Umami, der in Lebensmitteln wie Fleisch, Pilzen und K\u00e4se vorkommt, kann das S\u00e4ttigungsgef\u00fchl verst\u00e4rken und so helfen, die Kalorienaufnahme zu kontrollieren.  <\/p><p>Einige Studien haben gezeigt, dass Aromen, wie z.B. der Geruch von Pfefferminze oder Vanille, das Hungergef\u00fchl reduzieren und bei der Gewichtsabnahme helfen k\u00f6nnen. D\u00fcfte l\u00f6sen Speichelfluss aus, der wiederum die Aussch\u00fcttung von Insulin aus der Bauchspeicheldr\u00fcse und den Fluss von Verdauungss\u00e4ften bewirkt. <\/p>\n\t\t\t\t\t\t\t\t\t\t\t\t\t\t\t\t\t\t<\/div>\n\t\t\t\t<\/div>\n\t\t\t\t\t\t\t\n\t\t\t\t<div class=\"wd-accordion-item\">\n\t\t\t\t\t<div class=\"wd-accordion-title wd-role-btn\" data-accordion-index=\"2\" tabindex=\"0\">\n\t\t\t\t\t\t<div class=\"wd-accordion-title-text\">\n\t\t\t\t\t\t\t\t\t\t\t\t\t\t<span>\n\t\t\t\t\t\t\t\tIst es sicher?\t\t\t\t\t\t\t<\/span>\n\t\t\t\t\t\t<\/div>\n\t\t\t\t\t\t<span class=\"wd-accordion-opener\"><\/span>\n\t\t\t\t\t<\/div>\n\n\t\t\t\t\t<div class=\"wd-accordion-content wd-entry-content\" data-accordion-index=\"2\">\n\t\t\t\t\t\t\t\t\t\t\t\t\t\n\t\t\t\t\t\t\t<p class=\"p1\"><b>LoseBig<\/b> ist v\u00f6llig sicher, wenn es gem\u00e4\u00df der Gebrauchsanweisung verwendet wird. Es wurde nach strengen Qualit\u00e4ts- und Sicherheitsstandards entwickelt und seine Rezeptur enth\u00e4lt zertifizierte und klinisch getestete Inhaltsstoffe. <\/p><p class=\"p1\">Bevor Sie mit der Einnahme beginnen, empfehlen wir Ihnen, Ihren Arzt oder Ern\u00e4hrungsberater zu konsultieren, vor allem, wenn Sie bereits an einer Krankheit leiden oder Medikamente einnehmen. Ihre Gesundheit und Sicherheit ist unsere Priorit\u00e4t! <\/p>\n\t\t\t\t\t\t\t\t\t\t\t\t\t\t\t\t\t\t<\/div>\n\t\t\t\t<\/div>\n\t\t\t\t\t\t\t\n\t\t\t\t<div class=\"wd-accordion-item\">\n\t\t\t\t\t<div class=\"wd-accordion-title wd-role-btn\" data-accordion-index=\"3\" tabindex=\"0\">\n\t\t\t\t\t\t<div class=\"wd-accordion-title-text\">\n\t\t\t\t\t\t\t\t\t\t\t\t\t\t<span>\n\t\t\t\t\t\t\t\tWas passiert, wenn ich Allergien habe?\t\t\t\t\t\t\t<\/span>\n\t\t\t\t\t\t<\/div>\n\t\t\t\t\t\t<span class=\"wd-accordion-opener\"><\/span>\n\t\t\t\t\t<\/div>\n\n\t\t\t\t\t<div class=\"wd-accordion-content wd-entry-content\" data-accordion-index=\"3\">\n\t\t\t\t\t\t\t\t\t\t\t\t\t\n\t\t\t\t\t\t\t<p class=\"p1\">Wenn Sie Allergien haben, ist es wichtig, dass Sie die Liste der Inhaltsstoffe von <b>LoseBig<\/b> vor der Einnahme sorgf\u00e4ltig lesen. Alle Inhaltsstoffe sind auf der Produktverpackung aufgef\u00fchrt, so dass Sie \u00fcberpr\u00fcfen k\u00f6nnen, ob welche enthalten sind, gegen die Sie eine bekannte Allergie haben. <\/p><p class=\"p1\">Wenn Sie unsicher sind oder in der Vergangenheit bereits allergische Reaktionen aufgetreten sind, empfehlen wir Ihnen, vor der Anwendung des Produkts Ihren Arzt zu konsultieren. Ihre Sicherheit ist unsere Priorit\u00e4t, und es ist immer am besten, Vorsichtsma\u00dfnahmen zu treffen. <\/p>\n\t\t\t\t\t\t\t\t\t\t\t\t\t\t\t\t\t\t<\/div>\n\t\t\t\t<\/div>\n\t\t\t\t\t\t\t\n\t\t\t\t<div class=\"wd-accordion-item\">\n\t\t\t\t\t<div class=\"wd-accordion-title wd-role-btn\" data-accordion-index=\"4\" tabindex=\"0\">\n\t\t\t\t\t\t<div class=\"wd-accordion-title-text\">\n\t\t\t\t\t\t\t\t\t\t\t\t\t\t<span>\n\t\t\t\t\t\t\t\tIst LOSEBiG ein von der E.O.F. zugelassenes Produkt?\t\t\t\t\t\t\t<\/span>\n\t\t\t\t\t\t<\/div>\n\t\t\t\t\t\t<span class=\"wd-accordion-opener\"><\/span>\n\t\t\t\t\t<\/div>\n\n\t\t\t\t\t<div class=\"wd-accordion-content wd-entry-content\" data-accordion-index=\"4\">\n\t\t\t\t\t\t\t\t\t\t\t\t\t\n\t\t\t\t\t\t\t<p>LOSEBiG ist ein nat\u00fcrliches Nahrungserg\u00e4nzungsmittel. Nahrungserg\u00e4nzungsmittel melden und reichen bei der E.O.F. ein vollst\u00e4ndiges Dossier mit den gesundheitsbezogenen Angaben, den n\u00e4hrwertbezogenen Angaben und den technischen Merkmalen des Produkts ein. Wenn dieses Dossier genehmigt wird, wird das Produkt legal mit einer Nummer, der so genannten Notifizierungsnummer, vermarktet. LOSEBiG hat die Notifizierungsnummer in \u00dcbereinstimmung mit dem Gesetz auf der Verpackung aufgedruckt. Die Notifikationsnummer f\u00fcr das Spray lautet: <strong>138245\/21.11.2024<\/strong> und f\u00fcr die Kappen: <strong>152646\/18.12.2024<\/strong><\/p>\n\t\t\t\t\t\t\t\t\t\t\t\t\t\t\t\t\t\t<\/div>\n\t\t\t\t<\/div>\n\t\t\t\t\t\t\t\n\t\t\t\t<div class=\"wd-accordion-item\">\n\t\t\t\t\t<div class=\"wd-accordion-title wd-role-btn\" data-accordion-index=\"5\" tabindex=\"0\">\n\t\t\t\t\t\t<div class=\"wd-accordion-title-text\">\n\t\t\t\t\t\t\t\t\t\t\t\t\t\t<span>\n\t\t\t\t\t\t\t\tWas sind gesundheitsbezogene Angaben?\t\t\t\t\t\t\t<\/span>\n\t\t\t\t\t\t<\/div>\n\t\t\t\t\t\t<span class=\"wd-accordion-opener\"><\/span>\n\t\t\t\t\t<\/div>\n\n\t\t\t\t\t<div class=\"wd-accordion-content wd-entry-content\" data-accordion-index=\"5\">\n\t\t\t\t\t\t\t\t\t\t\t\t\t\n\t\t\t\t\t\t\t<p>Gesundheitsbezogene Angaben sind Angaben, die einem Produkt \u00fcber seinen N\u00e4hrwert hinaus Eigenschaften zuschreiben, die zur k\u00f6rperlichen, geistigen und seelischen Gesundheit beitragen. Damit eine gesundheitsbezogene Angabe legitim ist und nicht als irref\u00fchrend angesehen werden kann, muss sie von der EFSA, der Europ\u00e4ischen Beh\u00f6rde f\u00fcr Lebensmittelsicherheit und der Europ\u00e4ischen Beh\u00f6rde f\u00fcr Lebensmittelsicherheit genehmigt oder durch eine offiziell eingereichte und ver\u00f6ffentlichte Studie best\u00e4tigt worden sein. LOSEBiG verwendet nur zugelassene gesundheitsbezogene Angaben und ist deshalb so effektiv.  <\/p>\n\t\t\t\t\t\t\t\t\t\t\t\t\t\t\t\t\t\t<\/div>\n\t\t\t\t<\/div>\n\t\t\t\t\t<\/div>\n\t\t\t\t\t\t<\/div>\n\t\t\t\t<\/div>\n\t\t\t\t<\/div>\n\t\t<div class=\"elementor-element elementor-element-6806e06 e-con-full e-flex e-con e-child\" data-id=\"6806e06\" data-element_type=\"container\" data-e-type=\"container\">\n\t\t\t\t<div class=\"elementor-element elementor-element-79f95a0 elementor-widget__width-inherit elementor-widget-tablet__width-inherit elementor-widget elementor-widget-wd_accordion\" data-id=\"79f95a0\" data-element_type=\"widget\" data-e-type=\"widget\" data-widget_type=\"wd_accordion.default\">\n\t\t\t\t<div class=\"elementor-widget-container\">\n\t\t\t\t\t\n\t\t<div class=\"wd-accordion wd-style-default wd-border-off wd-titles-left wd-opener-pos-right wd-opener-style-plus\" data-state=\"all_closed\">\n\t\t\t\t\t\t\t\n\t\t\t\t<div class=\"wd-accordion-item\">\n\t\t\t\t\t<div class=\"wd-accordion-title wd-role-btn\" data-accordion-index=\"0\" tabindex=\"0\">\n\t\t\t\t\t\t<div class=\"wd-accordion-title-text\">\n\t\t\t\t\t\t\t\t\t\t\t\t\t\t<span>\n\t\t\t\t\t\t\t\tWarum funktioniert LOSEBiG so schnell?\t\t\t\t\t\t\t<\/span>\n\t\t\t\t\t\t<\/div>\n\t\t\t\t\t\t<span class=\"wd-accordion-opener\"><\/span>\n\t\t\t\t\t<\/div>\n\n\t\t\t\t\t<div class=\"wd-accordion-content wd-entry-content\" data-accordion-index=\"0\">\n\t\t\t\t\t\t\t\t\t\t\t\t\t\n\t\t\t\t\t\t\t<p>Die Art der Einnahme von LOSEBiG ist das orale Spray, das als die modernste und effektivste pharmakotechnische Form des Produkts gilt. Was das Spray zur besten Einnahmeform macht, ist die blitzschnelle Absorption der Inhaltsstoffe durch die Speicheldr\u00fcsen, was zu einer sofortigen Wirkung der Inhaltsstoffe und einer fast 100%igen Absorption f\u00fchrt (gilt als die Form mit der h\u00f6chsten Absorption). Vergessen Sie au\u00dferdem nicht, dass Sie kein Wasser mit sich f\u00fchren m\u00fcssen und keine Schwierigkeiten beim Schlucken haben, wie es bei einer Kapsel der Fall w\u00e4re.  <\/p>\n\t\t\t\t\t\t\t\t\t\t\t\t\t\t\t\t\t\t<\/div>\n\t\t\t\t<\/div>\n\t\t\t\t\t\t\t\n\t\t\t\t<div class=\"wd-accordion-item\">\n\t\t\t\t\t<div class=\"wd-accordion-title wd-role-btn\" data-accordion-index=\"1\" tabindex=\"0\">\n\t\t\t\t\t\t<div class=\"wd-accordion-title-text\">\n\t\t\t\t\t\t\t\t\t\t\t\t\t\t<span>\n\t\t\t\t\t\t\t\tWie verwende ich Losebig Spray und Losebig Caps? Sind sie wirksam? \t\t\t\t\t\t\t<\/span>\n\t\t\t\t\t\t<\/div>\n\t\t\t\t\t\t<span class=\"wd-accordion-opener\"><\/span>\n\t\t\t\t\t<\/div>\n\n\t\t\t\t\t<div class=\"wd-accordion-content wd-entry-content\" data-accordion-index=\"1\">\n\t\t\t\t\t\t\t\t\t\t\t\t\t\n\t\t\t\t\t\t\t<p>LOSEBIG SPRAY enth\u00e4lt 30ml und h\u00e4lt bei dynamischer Anwendung etwa 15 Tage, eine durchschnittliche Anwendung liegt bei 30 Tagen und das Maximum bei 45 Tagen. Das Positive daran ist, dass Sie es an Ihre Bed\u00fcrfnisse anpassen und nach 3 Monaten werden Sie es h\u00f6chstwahrscheinlich nicht mehr brauchen, da sich der K\u00f6rper auf die richtigen Nahrungsmengen eingestellt hat. Es ist wichtig, dass Sie es machen, wenn Sie ein starkes Verlangen (Hei\u00dfhunger) haben, etwas zu essen, obwohl Sie es nicht brauchen, es macht keinen Sinn, es nach dem Naschen zu machen.  <\/p><p>Es ist auch wichtig, einige Minuten lang kein Wasser zu trinken. Sie m\u00fcssen die Inhaltsstoffe von den Speicheldr\u00fcsen im Mund aufnehmen lassen und gleichzeitig den Geschmacksknospen Zeit geben, zu arbeiten. Es macht keinen Sinn, dies nach einem Snack zu tun oder wenn Sie sofort Wasser trinken. <\/p><p>F\u00fcr die Wirksamkeit der Inhaltsstoffe von LOSEBIG SPRAY gibt es viele Studien, w\u00e4hrend f\u00fcr das Produkt selbst eine sehr umfangreiche Studie von der HELLENIC DIETROPHOLOGICAL SOCIETY unter Dr. Dimitris Grigorakis erstellt wurde, deren Ergebnisse erstaunlich sind! <\/p><p>LOSEBIG CAPS enth\u00e4lt 90 Kapseln und h\u00e4lt bei der dynamischsten Einnahme, d.h. 2 Kapseln dreimal t\u00e4glich, 15 Tage, bei einer durchschnittlichen Einnahme 22 Tage und bei einer konservativen Einnahme 45 Tage lang. Nehmen Sie 2 Kapseln immer eine halbe Stunde vor einer Mahlzeit ein, um ein S\u00e4ttigungsgef\u00fchl zu erzeugen, so dass Sie weniger Nahrung zu sich nehmen und Ihr Gewicht reduzieren oder halten k\u00f6nnen. Der Inhaltsstoff hat eine offizielle Angabe der EFSA zur Gewichtsabnahme, mit der die FDA \u00fcbereinstimmt.  <\/p><p><strong>Erfolg ist 100%ig<\/strong><\/p><p>LOSEBIG SPRAY hilft bei der Bek\u00e4mpfung von Hei\u00dfhungerattacken, um Naschen oder stressige Bulimie zu vermeiden, die Sie mit 50% der unn\u00f6tigen t\u00e4glichen Kalorien belastet. Au\u00dferdem hilft Ihnen LOSEBIG CAPS, den \u00fcberm\u00e4\u00dfigen Verbrauch in der Menge der Mahlzeiten zu reduzieren, d.h. statt zwei Gerichten das normale zu konsumieren, d.h. eines oder je nach K\u00f6rpertyp oder Bewegung. Mit einer Kombination aus beidem ist das Ergebnis 100%. <\/p><p><em><strong>F\u00fcr jemanden, der sich mit einer durchschnittlichen Kalorienzufuhr von 1500 (Frauen) bis 2000 (M\u00e4nner) richtig ern\u00e4hrt, ist das Produkt nicht erforderlich.<\/strong><\/em><\/p>\n\t\t\t\t\t\t\t\t\t\t\t\t\t\t\t\t\t\t<\/div>\n\t\t\t\t<\/div>\n\t\t\t\t\t\t\t\n\t\t\t\t<div class=\"wd-accordion-item\">\n\t\t\t\t\t<div class=\"wd-accordion-title wd-role-btn\" data-accordion-index=\"2\" tabindex=\"0\">\n\t\t\t\t\t\t<div class=\"wd-accordion-title-text\">\n\t\t\t\t\t\t\t\t\t\t\t\t\t\t<span>\n\t\t\t\t\t\t\t\tIch habe meine Bestellung noch nicht erhalten.\t\t\t\t\t\t\t<\/span>\n\t\t\t\t\t\t<\/div>\n\t\t\t\t\t\t<span class=\"wd-accordion-opener\"><\/span>\n\t\t\t\t\t<\/div>\n\n\t\t\t\t\t<div class=\"wd-accordion-content wd-entry-content\" data-accordion-index=\"2\">\n\t\t\t\t\t\t\t\t\t\t\t\t\t\n\t\t\t\t\t\t\t<p>Wir entschuldigen uns f\u00fcr die Verz\u00f6gerung beim Erhalt Ihrer Bestellung. Sie k\u00f6nnen sich an unseren Kundenservice wenden, damit wir den Status Ihrer Sendung \u00fcberpr\u00fcfen k\u00f6nnen. <\/p><p>Bitte teilen Sie uns Ihre Bestellnummer und Ihre Kontaktdaten mit, damit wir Ihnen sofort helfen k\u00f6nnen. Alternativ k\u00f6nnen Sie den Status Ihrer Bestellung auch \u00fcber das Tracking-System \u00fcberpr\u00fcfen, sofern es vom Spediteur bereitgestellt wird. <\/p><p>Ihre Zufriedenheit ist uns sehr wichtig, und wir werden unser Bestes tun, um das Problem so schnell wie m\u00f6glich zu l\u00f6sen.<\/p>\n\t\t\t\t\t\t\t\t\t\t\t\t\t\t\t\t\t\t<\/div>\n\t\t\t\t<\/div>\n\t\t\t\t\t\t\t\n\t\t\t\t<div class=\"wd-accordion-item\">\n\t\t\t\t\t<div class=\"wd-accordion-title wd-role-btn\" data-accordion-index=\"3\" tabindex=\"0\">\n\t\t\t\t\t\t<div class=\"wd-accordion-title-text\">\n\t\t\t\t\t\t\t\t\t\t\t\t\t\t<span>\n\t\t\t\t\t\t\t\tF\u00fchren Sie Missionen an Feiertagen durch?\t\t\t\t\t\t\t<\/span>\n\t\t\t\t\t\t<\/div>\n\t\t\t\t\t\t<span class=\"wd-accordion-opener\"><\/span>\n\t\t\t\t\t<\/div>\n\n\t\t\t\t\t<div class=\"wd-accordion-content wd-entry-content\" data-accordion-index=\"3\">\n\t\t\t\t\t\t\t\t\t\t\t\t\t\n\t\t\t\t\t\t\t<p>Unsere Lieferungen erfolgen an Werktagen, da die meisten Kurierdienste an Feiertagen nicht t\u00e4tig sind. Wenn Sie Ihre Bestellung an einem Feiertag aufgeben, beginnen die Bearbeitung und der Versand am n\u00e4chsten Werktag. <\/p><p>Wenn Sie weitere Informationen \u00fcber den Versand w\u00fcnschen oder einen dringenden Bedarf haben, k\u00f6nnen Sie sich gerne an unseren Kundenservice wenden. Wir helfen Ihnen gerne weiter! <\/p>\n\t\t\t\t\t\t\t\t\t\t\t\t\t\t\t\t\t\t<\/div>\n\t\t\t\t<\/div>\n\t\t\t\t\t\t\t\n\t\t\t\t<div class=\"wd-accordion-item\">\n\t\t\t\t\t<div class=\"wd-accordion-title wd-role-btn\" data-accordion-index=\"4\" tabindex=\"0\">\n\t\t\t\t\t\t<div class=\"wd-accordion-title-text\">\n\t\t\t\t\t\t\t\t\t\t\t\t\t\t<span>\n\t\t\t\t\t\t\t\tIst eine Lieferung am n\u00e4chsten Tag m\u00f6glich?\t\t\t\t\t\t\t<\/span>\n\t\t\t\t\t\t<\/div>\n\t\t\t\t\t\t<span class=\"wd-accordion-opener\"><\/span>\n\t\t\t\t\t<\/div>\n\n\t\t\t\t\t<div class=\"wd-accordion-content wd-entry-content\" data-accordion-index=\"4\">\n\t\t\t\t\t\t\t\t\t\t\t\t\t\n\t\t\t\t\t\t\t<p>Ja, eine Lieferung am n\u00e4chsten Tag ist m\u00f6glich, abh\u00e4ngig von Ihrem Standort und dem Zeitpunkt Ihrer Bestellung. Um die Lieferung am n\u00e4chsten Tag zu gew\u00e4hrleisten: <\/p><ol><li><strong>Geben Sie Ihre Bestellung fr\u00fch auf:<\/strong> Bestellungen, die vor einer bestimmten Uhrzeit (in der Regel bis Mittag) aufgegeben werden, werden mit gr\u00f6\u00dferer Wahrscheinlichkeit am n\u00e4chsten Tag zugestellt.<\/li><li><strong>W\u00e4hlen Sie den passenden Versanddienstleister:<\/strong> Vergewissern Sie sich, dass Sie die richtige Versandart w\u00e4hlen, wenn Sie Ihre Bestellung abschlie\u00dfen.<\/li><\/ol><p>F\u00fcr weitere Informationen oder um die Verf\u00fcgbarkeit des Dienstes in Ihrer Region zu best\u00e4tigen, wenden Sie sich bitte an unseren Kundenservice. Wir helfen Ihnen gerne weiter! <\/p>\n\t\t\t\t\t\t\t\t\t\t\t\t\t\t\t\t\t\t<\/div>\n\t\t\t\t<\/div>\n\t\t\t\t\t\t\t\n\t\t\t\t<div class=\"wd-accordion-item\">\n\t\t\t\t\t<div class=\"wd-accordion-title wd-role-btn\" data-accordion-index=\"5\" tabindex=\"0\">\n\t\t\t\t\t\t<div class=\"wd-accordion-title-text\">\n\t\t\t\t\t\t\t\t\t\t\t\t\t\t<span>\n\t\t\t\t\t\t\t\tMuss ich dort sein, um f\u00fcr die Abholung zu unterschreiben?\t\t\t\t\t\t\t<\/span>\n\t\t\t\t\t\t<\/div>\n\t\t\t\t\t\t<span class=\"wd-accordion-opener\"><\/span>\n\t\t\t\t\t<\/div>\n\n\t\t\t\t\t<div class=\"wd-accordion-content wd-entry-content\" data-accordion-index=\"5\">\n\t\t\t\t\t\t\t\t\t\t\t\t\t\n\t\t\t\t\t\t\t<p>In den meisten F\u00e4llen ist f\u00fcr den Erhalt Ihrer Bestellung eine Unterschrift erforderlich, um eine sichere Zustellung zu gew\u00e4hrleisten. Dies h\u00e4ngt jedoch von den Richtlinien des Kurierdienstes ab, den wir benutzen. <\/p><p>Wenn Sie zum Zeitpunkt der Lieferung nicht vor Ort sein k\u00f6nnen, k\u00f6nnen Sie das:<\/p><ol><li>Setzen Sie sich mit dem Kurierdienst in Verbindung, um einen neuen Tag\/eine neue Uhrzeit f\u00fcr die Zustellung zu vereinbaren.<\/li><li>Bevollm\u00e4chtigen Sie eine andere Person, in Ihrem Namen abzuholen.<\/li><li>Fordern Sie die Lieferung an einen sicheren Ort an, wenn diese Option angeboten wird.<\/li><\/ol><p>Wenn Sie weitere Informationen w\u00fcnschen oder Hilfe bei Ihrer Lieferung ben\u00f6tigen, wenden Sie sich bitte an unseren Kundenservice!<\/p>\n\t\t\t\t\t\t\t\t\t\t\t\t\t\t\t\t\t\t<\/div>\n\t\t\t\t<\/div>\n\t\t\t\t\t<\/div>\n\t\t\t\t\t\t<\/div>\n\t\t\t\t<\/div>\n\t\t\t\t<div class=\"elementor-element elementor-element-13d56d4 elementor-widget elementor-widget-wd_button\" data-id=\"13d56d4\" data-element_type=\"widget\" data-e-type=\"widget\" data-widget_type=\"wd_button.default\">\n\t\t\t\t<div class=\"elementor-widget-container\">\n\t\t\t\t\t\t\t<div class=\"wd-button-wrapper text-left\" >\n\t\t\t<a class=\"btn btn-style-link btn-shape- btn-size-default btn-color-black btn-icon-pos-right\"  href=\"https:\/\/losebig.gr\/contact-us\/\">\n\t\t\t\t<span class=\"wd-btn-text\" data-elementor-setting-key=\"text\">\n\t\t\t\t\tHABEN SIE WEITERE FRAGEN? KONTAKTIEREN SIE UNS! \t\t\t\t<\/span>\n\n\t\t\t\t\t\t\t<\/a>\n\t\t<\/div>\n\t\t\t\t\t\t<\/div>\n\t\t\t\t<\/div>\n\t\t\t\t<\/div>\n\t\t\t\t\t<\/div>\n\t\t\t\t<\/div>\n\t\t\t\t<\/div>\n\t\t<\/div>\n\t\t\t\t\t\t<\/div>\n\t\t\t\t\t<\/div>\n\t\t\t\t<\/div>\n\t\t\t\t<\/div>\n\t\t","protected":false},"excerpt":{"rendered":"<p>FAQf\u00fcr LOSEBiG Haben Sie Fragen zu LoseBig? Hier finden Sie Antworten auf die am h\u00e4ufigsten gestellten Fragen zu unserem Produkt.<\/p>\n","protected":false},"author":3,"featured_media":0,"parent":0,"menu_order":2,"comment_status":"closed","ping_status":"closed","template":"","meta":{"footnotes":""},"class_list":["post-29239","page","type-page","status-publish","hentry"],"_links":{"self":[{"href":"https:\/\/losebig.gr\/de\/wp-json\/wp\/v2\/pages\/29239","targetHints":{"allow":["GET"]}}],"collection":[{"href":"https:\/\/losebig.gr\/de\/wp-json\/wp\/v2\/pages"}],"about":[{"href":"https:\/\/losebig.gr\/de\/wp-json\/wp\/v2\/types\/page"}],"author":[{"embeddable":true,"href":"https:\/\/losebig.gr\/de\/wp-json\/wp\/v2\/users\/3"}],"replies":[{"embeddable":true,"href":"https:\/\/losebig.gr\/de\/wp-json\/wp\/v2\/comments?post=29239"}],"version-history":[{"count":2,"href":"https:\/\/losebig.gr\/de\/wp-json\/wp\/v2\/pages\/29239\/revisions"}],"predecessor-version":[{"id":29244,"href":"https:\/\/losebig.gr\/de\/wp-json\/wp\/v2\/pages\/29239\/revisions\/29244"}],"wp:attachment":[{"href":"https:\/\/losebig.gr\/de\/wp-json\/wp\/v2\/media?parent=29239"}],"curies":[{"name":"wp","href":"https:\/\/api.w.org\/{rel}","templated":true}]}}