{"id":29297,"date":"2024-12-05T16:49:58","date_gmt":"2024-12-05T14:49:58","guid":{"rendered":"https:\/\/losebig.gr\/grapefruit\/"},"modified":"2025-02-13T11:24:26","modified_gmt":"2025-02-13T09:24:26","slug":"grapefruit","status":"publish","type":"page","link":"https:\/\/losebig.gr\/de\/grapefruit\/","title":{"rendered":"Grapefruit"},"content":{"rendered":"\t\t<div data-elementor-type=\"wp-page\" data-elementor-id=\"29297\" class=\"elementor elementor-29297 elementor-16977\" data-elementor-post-type=\"page\">\n\t\t\t\t<div class=\"wd-negative-gap elementor-element elementor-element-b94dbbb e-flex e-con-boxed e-con e-parent\" data-id=\"b94dbbb\" data-element_type=\"container\" data-e-type=\"container\">\n\t\t\t\t\t<div class=\"e-con-inner\">\n\t\t\t\t<div class=\"elementor-element elementor-element-338c5a0 heading elementor-widget__width-initial elementor-widget-mobile__width-inherit elementor-widget elementor-widget-heading\" data-id=\"338c5a0\" data-element_type=\"widget\" data-e-type=\"widget\" data-widget_type=\"heading.default\">\n\t\t\t\t\t<h1 class=\"elementor-heading-title elementor-size-default\"><br>FORSCHUNG<u>F\u00dcR GRAPEFRUIT<\/u><\/h1>\t\t\t\t<\/div>\n\t\t\t\t<div class=\"elementor-element elementor-element-4370b87 elementor-widget__width-initial elementor-widget-mobile__width-inherit color-scheme-inherit text-left elementor-widget elementor-widget-text-editor\" data-id=\"4370b87\" data-element_type=\"widget\" data-e-type=\"widget\" data-widget_type=\"text-editor.default\">\n\t\t\t\t\t\t\t\t\t<p>Die Lieblingsfrucht der Schlankheitsexperten geh\u00f6rt zur Kategorie der Zitrusfr\u00fcchte und ist keine andere als die Grapefruit, eine Kreuzung aus Orange und Grapefruit. Laut einer Tierstudie aus dem Jahr 2005, die in der Zeitschrift Neuroscience Letters ver\u00f6ffentlicht wurde, kann das dreimalige Einatmen von Grapefruit\u00f6l pro Woche die Nahrungsaufnahme und damit auch das K\u00f6rpergewicht reduzieren. <\/p>\n\t\t\t\t\t\t\t\t<\/div>\n\t\t\t\t\t<\/div>\n\t\t\t\t<\/div>\n\t\t<div class=\"wd-negative-gap elementor-element elementor-element-1a13986 wd-section-stretch e-flex e-con-boxed e-con e-parent\" data-id=\"1a13986\" data-element_type=\"container\" data-e-type=\"container\" data-settings=\"{&quot;background_background&quot;:&quot;classic&quot;}\">\n\t\t\t\t\t<div class=\"e-con-inner\">\n\t\t\t\t<div class=\"elementor-element elementor-element-57e5231 heading elementor-widget elementor-widget-heading\" data-id=\"57e5231\" data-element_type=\"widget\" data-e-type=\"widget\" data-widget_type=\"heading.default\">\n\t\t\t\t\t<h2 class=\"elementor-heading-title elementor-size-default\"><u>DER GRAFIKRAUM<\/u><\/h2>\t\t\t\t<\/div>\n\t\t\t\t<div class=\"elementor-element elementor-element-b9e7282 text-center color-scheme-inherit elementor-widget elementor-widget-text-editor\" data-id=\"b9e7282\" data-element_type=\"widget\" data-e-type=\"widget\" data-widget_type=\"text-editor.default\">\n\t\t\t\t\t\t\t\t\t<p>Es kurbelt den Stoffwechsel an und reduziert den Appetit, was die Gewichtsabnahme nat\u00fcrlich unterst\u00fctzt!<\/p>\n\t\t\t\t\t\t\t\t<\/div>\n\t\t<div class=\"elementor-element elementor-element-eff2117 e-con-full e-flex e-con e-child\" data-id=\"eff2117\" data-element_type=\"container\" data-e-type=\"container\">\n\t\t<div class=\"elementor-element elementor-element-621e337 e-con-full e-flex e-con e-child\" data-id=\"621e337\" data-element_type=\"container\" data-e-type=\"container\">\n\t\t\t\t<div class=\"elementor-element elementor-element-39d086d heading elementor-widget-mobile__width-inherit elementor-widget elementor-widget-heading\" data-id=\"39d086d\" data-element_type=\"widget\" data-e-type=\"widget\" data-widget_type=\"heading.default\">\n\t\t\t\t\t<h2 class=\"elementor-heading-title elementor-size-default\">WAS MACHT DIE <u>GRAPEFRUIT<\/u>?<\/h2>\t\t\t\t<\/div>\n\t\t\t\t<div class=\"elementor-element elementor-element-67413e8 txt-no-col color-scheme-inherit text-left elementor-widget elementor-widget-text-editor\" data-id=\"67413e8\" data-element_type=\"widget\" data-e-type=\"widget\" data-widget_type=\"text-editor.default\">\n\t\t\t\t\t\t\t\t\t<p>Diese Zitrusfrucht ist bei vielen beliebt. Studien besagen, dass der Geruch der Grapefruit vor dem Verzehr Ihre Bem\u00fchungen zur Gewichtsabnahme unterst\u00fctzen kann. Forscher der Universit\u00e4t Osaka fanden heraus, dass Ratten, die dem Geruch von Grapefruit ausgesetzt waren, ihr Gewicht und ihren Appetit reduzieren konnten.  <\/p>\n<p>Das hat damit zu tun, wie dieser Duft mit den Leberenzymen interagiert. Grapefruit ist reich an Naringin, das antioxidative und entz\u00fcndungshemmende Eigenschaften hat, die uns vor Diabetes und Herz-Kreislauf-Erkrankungen sch\u00fctzen k\u00f6nnen. <\/p>\n<p>Wie Healthline berichtet, ergab eine neue Analyse mehrerer Studien, dass der regelm\u00e4\u00dfige Verzehr von Grapefruits bei den Teilnehmern zu einer Verringerung von K\u00f6rperfett, Taillenumfang und Blutdruck f\u00fchrte. Wie die medizinische Website Medical News Today berichtet, hat eine neue Studie des Center for Research on Nutrition and Metabolism herausgefunden, dass die Aufnahme von Grapefruit in die t\u00e4gliche Ern\u00e4hrung der Teilnehmer zu beeindruckenden Ergebnissen bei der Gewichtsabnahme f\u00fchrte. <\/p>\n<p><strong>Quellen:<\/strong><\/p>\n<ul>\n<li><a href=\"https:\/\/www.medicalnewstoday.com\/releases\/5495#1\" target=\"_blank\" rel=\"noopener\">Medizinische Nachrichten heute<\/a><\/li>\n<li><a href=\"https:\/\/www.healthline.com\/health\/grapefruit-diet#what-is-it\" target=\"_blank\" rel=\"noopener\">Healthline &#8211; Grapefruit-Di\u00e4t<\/a><\/li>\n<li><a href=\"https:\/\/www.healthline.com\/nutrition\/10-benefits-of-grapefruit#weight-loss\" target=\"_blank\" rel=\"noopener\">Healthline &#8211; 10 Vorteile der Grapefruit<\/a><\/li>\n<\/ul>\n\t\t\t\t\t\t\t\t<\/div>\n\t\t\t\t<\/div>\n\t\t\t\t<div class=\"elementor-element elementor-element-cbd9eef elementor-widget__width-initial elementor-widget-mobile__width-inherit elementor-widget elementor-widget-image\" data-id=\"cbd9eef\" data-element_type=\"widget\" data-e-type=\"widget\" data-widget_type=\"image.default\">\n\t\t\t\t\t\t\t\t\t\t\t\t\t\t\t<img loading=\"lazy\" decoding=\"async\" width=\"845\" height=\"660\" src=\"https:\/\/losebig.gr\/wp-content\/uploads\/2024\/12\/Studies-Grapefruit-01.jpg\" class=\"attachment-full size-full wp-image-29300\" alt=\"\" srcset=\"https:\/\/losebig.gr\/wp-content\/uploads\/2024\/12\/Studies-Grapefruit-01.jpg 845w, https:\/\/losebig.gr\/wp-content\/uploads\/2024\/12\/Studies-Grapefruit-01-600x469.jpg 600w, https:\/\/losebig.gr\/wp-content\/uploads\/2024\/12\/Studies-Grapefruit-01-250x195.jpg 250w, https:\/\/losebig.gr\/wp-content\/uploads\/2024\/12\/Studies-Grapefruit-01-384x300.jpg 384w, https:\/\/losebig.gr\/wp-content\/uploads\/2024\/12\/Studies-Grapefruit-01-768x600.jpg 768w\" sizes=\"auto, (max-width: 845px) 100vw, 845px\" title=\"\">\t\t\t\t\t\t\t\t\t\t\t\t\t\t\t<\/div>\n\t\t\t\t<\/div>\n\t\t\t\t\t<\/div>\n\t\t\t\t<\/div>\n\t\t<div class=\"wd-negative-gap elementor-element elementor-element-201c4a9 wd-section-stretch e-flex e-con-boxed e-con e-parent\" data-id=\"201c4a9\" data-element_type=\"container\" data-e-type=\"container\">\n\t\t\t\t\t<div class=\"e-con-inner\">\n\t\t\t\t<div class=\"elementor-element elementor-element-19a19ee heading elementor-widget elementor-widget-heading\" data-id=\"19a19ee\" data-element_type=\"widget\" data-e-type=\"widget\" data-widget_type=\"heading.default\">\n\t\t\t\t\t<h2 class=\"elementor-heading-title elementor-size-default\">WAS DIE <u>UNTERSUCHUNGEN<\/u> ERGEBEN HABEN<\/h2>\t\t\t\t<\/div>\n\t\t\t\t<div class=\"elementor-element elementor-element-3864dbb text-center color-scheme-inherit elementor-widget elementor-widget-text-editor\" data-id=\"3864dbb\" data-element_type=\"widget\" data-e-type=\"widget\" data-widget_type=\"text-editor.default\">\n\t\t\t\t\t\t\t\t\t<p>Ein nat\u00fcrlicher Schub f\u00fcr Ihre Bem\u00fchungen zur Gewichtsabnahme!<\/p>\n\t\t\t\t\t\t\t\t<\/div>\n\t\t<div class=\"elementor-element elementor-element-93dd1c4 e-con-full e-flex e-con e-child\" data-id=\"93dd1c4\" data-element_type=\"container\" data-e-type=\"container\">\n\t\t<div class=\"elementor-element elementor-element-4498fe1 e-con-full e-flex e-con e-child\" data-id=\"4498fe1\" data-element_type=\"container\" data-e-type=\"container\">\n\t\t\t\t<div class=\"elementor-element elementor-element-cd036da txt-no-col color-scheme-inherit text-left elementor-widget elementor-widget-text-editor\" data-id=\"cd036da\" data-element_type=\"widget\" data-e-type=\"widget\" data-widget_type=\"text-editor.default\">\n\t\t\t\t\t\t\t\t\t<p>Im Rahmen der Studie wurden 100 Personen (M\u00e4nner und Frauen) gebeten, 12 Wochen lang nach jeder Mahlzeit (3-mal t\u00e4glich) eine halbe Grapefruit zu essen oder ein kleines Glas Grapefruitsaft zu trinken. Ihre Ern\u00e4hrung blieb die gleiche wie vor Beginn der Studie, und ihre k\u00f6rperliche Aktivit\u00e4t nahm nur wenig zu. <\/p>\n<p>Am Ende des Experiments hatten diejenigen, die eine halbe Grapefruit a\u00dfen, durchschnittlich 1,6 kg abgenommen, w\u00e4hrend diejenigen, die den Saft tranken, 1,5 kg verloren hatten. Es gab jedoch auch einige, die 4,5 kg oder mehr abnahmen. Neben dem Gewicht der Teilnehmer \u00fcberwachten die Forscher auch verschiedene Stoffwechselfaktoren wie die Aussch\u00fcttung von Insulin und anderen Hormonen.  <\/p>\n<p>Speziell in Bezug auf Insulin entdeckten Wissenschaftler, dass die chemischen Eigenschaften der Grapefruit zu einem niedrigeren Insulinspiegel im K\u00f6rper f\u00fchren und damit die Gewichtsabnahme f\u00f6rdern.<\/p>\n\t\t\t\t\t\t\t\t<\/div>\n\t\t\t\t<\/div>\n\t\t\t\t<div class=\"elementor-element elementor-element-15ba1d5 elementor-widget__width-initial elementor-widget-mobile__width-inherit elementor-widget elementor-widget-image\" data-id=\"15ba1d5\" data-element_type=\"widget\" data-e-type=\"widget\" data-widget_type=\"image.default\">\n\t\t\t\t\t\t\t\t\t\t\t\t\t\t\t<img loading=\"lazy\" decoding=\"async\" width=\"845\" height=\"660\" src=\"https:\/\/losebig.gr\/wp-content\/uploads\/2024\/12\/Studies-Grapefruit-02.jpg\" class=\"attachment-full size-full wp-image-29298\" alt=\"\" srcset=\"https:\/\/losebig.gr\/wp-content\/uploads\/2024\/12\/Studies-Grapefruit-02.jpg 845w, https:\/\/losebig.gr\/wp-content\/uploads\/2024\/12\/Studies-Grapefruit-02-600x469.jpg 600w, https:\/\/losebig.gr\/wp-content\/uploads\/2024\/12\/Studies-Grapefruit-02-250x195.jpg 250w, https:\/\/losebig.gr\/wp-content\/uploads\/2024\/12\/Studies-Grapefruit-02-384x300.jpg 384w, https:\/\/losebig.gr\/wp-content\/uploads\/2024\/12\/Studies-Grapefruit-02-768x600.jpg 768w\" sizes=\"auto, (max-width: 845px) 100vw, 845px\" title=\"\">\t\t\t\t\t\t\t\t\t\t\t\t\t\t\t<\/div>\n\t\t\t\t<div class=\"elementor-element elementor-element-9bc35cd elementor-widget__width-initial elementor-widget-mobile__width-inherit elementor-widget elementor-widget-image\" data-id=\"9bc35cd\" data-element_type=\"widget\" data-e-type=\"widget\" data-widget_type=\"image.default\">\n\t\t\t\t\t\t\t\t\t\t\t\t\t\t\t<img loading=\"lazy\" decoding=\"async\" width=\"845\" height=\"660\" src=\"https:\/\/losebig.gr\/wp-content\/uploads\/2024\/12\/Studies-Grapefruit-03.jpg\" class=\"attachment-full size-full wp-image-29299\" alt=\"\" srcset=\"https:\/\/losebig.gr\/wp-content\/uploads\/2024\/12\/Studies-Grapefruit-03.jpg 845w, https:\/\/losebig.gr\/wp-content\/uploads\/2024\/12\/Studies-Grapefruit-03-600x469.jpg 600w, https:\/\/losebig.gr\/wp-content\/uploads\/2024\/12\/Studies-Grapefruit-03-250x195.jpg 250w, https:\/\/losebig.gr\/wp-content\/uploads\/2024\/12\/Studies-Grapefruit-03-384x300.jpg 384w, https:\/\/losebig.gr\/wp-content\/uploads\/2024\/12\/Studies-Grapefruit-03-768x600.jpg 768w\" sizes=\"auto, (max-width: 845px) 100vw, 845px\" title=\"\">\t\t\t\t\t\t\t\t\t\t\t\t\t\t\t<\/div>\n\t\t<div class=\"elementor-element elementor-element-f41075c e-con-full e-flex e-con e-child\" data-id=\"f41075c\" data-element_type=\"container\" data-e-type=\"container\">\n\t\t\t\t<div class=\"elementor-element elementor-element-1a653f5 txt-no-col color-scheme-inherit text-left elementor-widget elementor-widget-text-editor\" data-id=\"1a653f5\" data-element_type=\"widget\" data-e-type=\"widget\" data-widget_type=\"text-editor.default\">\n\t\t\t\t\t\t\t\t\t<p>Wir stellen fest, dass Insulin eine wichtige Rolle bei der Regulierung des Stoffwechsels und der Art und Weise spielt, wie unser K\u00f6rper Fett speichert. Experten glauben, dass ein weiterer Grund f\u00fcr den Gewichtsverlust der Teilnehmer darin liegt, dass Grapefruit den Appetit zu reduzieren und das S\u00e4ttigungsgef\u00fchl zu steigern scheint. <\/p>\n<p>&#8220;Die einzige \u00c4nderung in der Ern\u00e4hrung der Teilnehmer war die Zugabe von Grapefruit.<\/p>\n<p>Unsere Studie zeigt, dass diese Frucht lebenswichtig f\u00fcr die Gesundheit und das Wohlbefinden der Menschen sein kann und eine wichtige Waffe gegen die Adipositas-Epidemie darstellt. Die Grapefruit-Di\u00e4t ist in vielerlei Hinsicht vorteilhaft f\u00fcr die Gesundheit&#8221;, sagte Dr. Fujioka, Hauptautor der Studie.  <\/p>\n\t\t\t\t\t\t\t\t<\/div>\n\t\t\t\t<\/div>\n\t\t\t\t<\/div>\n\t\t\t\t\t<\/div>\n\t\t\t\t<\/div>\n\t\t\t\t<\/div>\n\t\t","protected":false},"excerpt":{"rendered":"<p>FORSCHUNGF\u00dcR GRAPEFRUIT Die Lieblingsfrucht der Schlankheitsexperten geh\u00f6rt zur Kategorie der Zitrusfr\u00fcchte und ist keine andere als die Grapefruit, eine Kreuzung<\/p>\n","protected":false},"author":5,"featured_media":0,"parent":0,"menu_order":3,"comment_status":"closed","ping_status":"closed","template":"","meta":{"footnotes":""},"class_list":["post-29297","page","type-page","status-publish","hentry"],"_links":{"self":[{"href":"https:\/\/losebig.gr\/de\/wp-json\/wp\/v2\/pages\/29297","targetHints":{"allow":["GET"]}}],"collection":[{"href":"https:\/\/losebig.gr\/de\/wp-json\/wp\/v2\/pages"}],"about":[{"href":"https:\/\/losebig.gr\/de\/wp-json\/wp\/v2\/types\/page"}],"author":[{"embeddable":true,"href":"https:\/\/losebig.gr\/de\/wp-json\/wp\/v2\/users\/5"}],"replies":[{"embeddable":true,"href":"https:\/\/losebig.gr\/de\/wp-json\/wp\/v2\/comments?post=29297"}],"version-history":[{"count":2,"href":"https:\/\/losebig.gr\/de\/wp-json\/wp\/v2\/pages\/29297\/revisions"}],"predecessor-version":[{"id":29302,"href":"https:\/\/losebig.gr\/de\/wp-json\/wp\/v2\/pages\/29297\/revisions\/29302"}],"wp:attachment":[{"href":"https:\/\/losebig.gr\/de\/wp-json\/wp\/v2\/media?parent=29297"}],"curies":[{"name":"wp","href":"https:\/\/api.w.org\/{rel}","templated":true}]}}