{"id":29084,"date":"2025-01-12T14:44:14","date_gmt":"2025-01-12T12:44:14","guid":{"rendered":"https:\/\/losebig.gr\/shop\/losebig-90-caps\/"},"modified":"2026-04-16T10:11:31","modified_gmt":"2026-04-16T07:11:31","slug":"losebig-90-caps","status":"publish","type":"product","link":"https:\/\/losebig.gr\/de\/shop\/losebig-90-caps\/","title":{"rendered":"LOSEBiG CAPS &#8211; Sorgt f\u00fcr S\u00e4ttigung &#8211; Isst weniger &#8211; Mit Glucomannan, Berberin, Psyllium"},"content":{"rendered":"\t\t<div data-elementor-type=\"wp-post\" data-elementor-id=\"29084\" class=\"elementor elementor-29084 elementor-20826\" data-elementor-post-type=\"product\">\n\t\t\t\t<div class=\"wd-negative-gap elementor-element elementor-element-a6e90f4 elementor-hidden-desktop elementor-hidden-tablet elementor-hidden-mobile_extra elementor-hidden-mobile e-flex e-con-boxed e-con e-parent\" data-id=\"a6e90f4\" data-element_type=\"container\" data-e-type=\"container\">\n\t\t\t\t\t<div class=\"e-con-inner\">\n\t\t<div class=\"elementor-element elementor-element-b578392 e-con-full e-flex e-con e-child\" data-id=\"b578392\" data-element_type=\"container\" data-e-type=\"container\">\n\t\t\t\t<div class=\"elementor-element elementor-element-e23cffe elementor-widget elementor-widget-wd_text_block\" data-id=\"e23cffe\" data-element_type=\"widget\" data-e-type=\"widget\" data-widget_type=\"wd_text_block.default\">\n\t\t\t\t<div class=\"elementor-widget-container\">\n\t\t\t\t\t\t\t<div class=\"wd-text-block reset-last-child text-left\">\n\t\t\t\n\t\t\t\n\t\t\t\t\t<\/div>\n\t\t\t\t\t\t<\/div>\n\t\t\t\t<\/div>\n\t\t\t\t<\/div>\n\t\t<div class=\"elementor-element elementor-element-efe6cb7 e-con-full elementor-hidden-desktop elementor-hidden-tablet elementor-hidden-mobile_extra elementor-hidden-mobile e-flex e-con e-child\" data-id=\"efe6cb7\" data-element_type=\"container\" data-e-type=\"container\">\n\t\t\t\t<div class=\"elementor-element elementor-element-257e5c5 elementor-widget elementor-widget-wd_table\" data-id=\"257e5c5\" data-element_type=\"widget\" data-e-type=\"widget\" data-widget_type=\"wd_table.default\">\n\t\t\t\t<div class=\"elementor-widget-container\">\n\t\t\t\t\t\t\t<div class=\"wd-el-table-wrap wd-reset-all-last\">\n\t\t\t<table class=\"wd-el-table\">\n\t\t\t\t\t\t\t\t\t<thead class=\"text-left\">\n\t\t\t\t\t\t\t\t\t\t\t\t\t\t\t\t\t\t\t\t\t<th class=\"wd-table-cell elementor-repeater-item-75f0207\" colspan=\"1\" rowspan=\"1\">\n\t\t\t\t\t\t\t\t\t<p>N\u00e4hrwertangaben<\/p>\t\t\t\t\t\t\t\t<\/th>\n\t\t\t\t\t\t\t\t\t\t\t\t\t\t\t\t\t\t\t<\/tr>\n\t\t\t\t\t<\/thead>\n\t\t\t\t\n\t\t\t\t<tbody class=\"text-left\">\n\t\t\t\t\t\t\t\t\t\t\t\t\t\t\t\t\t\t\t\t\t\t\t\t\t\t<tr class=\"wd-table-row elementor-repeater-item-b00c995\">\n\t\t\t\t\t\t\t\t\t\t\t\t\t\t\t\t\t\t\t\t\t\t\t\t\t\t\t\t\t\t\t\n\t\t\t\t\t\t\t<td class=\"wd-table-cell elementor-repeater-item-9420185\" colspan=\"1\" rowspan=\"1\">\n\t\t\t\t\t\t\t\t<p>Sibirischer Ginseng-Extrakt \u00e4quivalent zu <\/p>\t\t\t\t\t\t\t<\/td>\n\t\t\t\t\t\t\t\t\t\t\t\t\t\t\t\t\t\t\t\t\t\t\t\t\n\t\t\t\t\t\t\t<td class=\"wd-table-cell elementor-repeater-item-38ed803\" colspan=\"1\" rowspan=\"1\">\n\t\t\t\t\t\t\t\t<p>20 mg<\/p>\t\t\t\t\t\t\t<\/td>\n\t\t\t\t\t\t\t\t\t\t\t\t\t\t\t\t\t\t\t\t\t\t\t\t\n\t\t\t\t\t\t\t<td class=\"wd-table-cell elementor-repeater-item-ba659e2\" colspan=\"1\" rowspan=\"1\">\n\t\t\t\t\t\t\t\t<p>--<\/p>\t\t\t\t\t\t\t<\/td>\n\t\t\t\t\t\t\t\t\t\t\t\t\t\t\t\t\t\t\t\t\t\t\t\t\t\t\t\t\t\t\t\t<\/tr>\n\t\t\t\t\t\t\t\t<tr class=\"wd-table-row elementor-repeater-item-cdccbfe\">\n\t\t\t\t\t\t\t\t\t\t\t\t\t\t\t\t\t\t\t\t\t\t\t\t\t\t\t\t\t\t\t\n\t\t\t\t\t\t\t<td class=\"wd-table-cell elementor-repeater-item-837e819\" colspan=\"1\" rowspan=\"1\">\n\t\t\t\t\t\t\t\t<p>Coenzym Q10<\/p>\t\t\t\t\t\t\t<\/td>\n\t\t\t\t\t\t\t\t\t\t\t\t\t\t\t\t\t\t\t\t\t\t\t\t\n\t\t\t\t\t\t\t<td class=\"wd-table-cell elementor-repeater-item-95476fb\" colspan=\"1\" rowspan=\"1\">\n\t\t\t\t\t\t\t\t<p>2 mg<\/p>\t\t\t\t\t\t\t<\/td>\n\t\t\t\t\t\t\t\t\t\t\t\t\t\t\t\t\t\t\t\t\t\t\t\t\n\t\t\t\t\t\t\t<td class=\"wd-table-cell elementor-repeater-item-0e6b123\" colspan=\"1\" rowspan=\"1\">\n\t\t\t\t\t\t\t\t<p>--<\/p>\t\t\t\t\t\t\t<\/td>\n\t\t\t\t\t\t\t\t\t\t\t\t\t\t\t\t\t\t\t\t\t\t\t\t\t\t\t\t\t\t\t\t<\/tr>\n\t\t\t\t\t\t\t\t<tr class=\"wd-table-row elementor-repeater-item-2fb0920\">\n\t\t\t\t\t\t\t\t\t\t\t\t\t\t\t\t\t\t\t\t\t\t\t\t\t\t\t\t\t\t\t\n\t\t\t\t\t\t\t<td class=\"wd-table-cell elementor-repeater-item-06fb2a1\" colspan=\"1\" rowspan=\"1\">\n\t\t\t\t\t\t\t\t<p>L-Carnitin<\/p>\t\t\t\t\t\t\t<\/td>\n\t\t\t\t\t\t\t\t\t\t\t\t\t\t\t\t\t\t\t\t\t\t\t\t\n\t\t\t\t\t\t\t<td class=\"wd-table-cell elementor-repeater-item-1a760c6\" colspan=\"1\" rowspan=\"1\">\n\t\t\t\t\t\t\t\t<p>10 mg<\/p>\t\t\t\t\t\t\t<\/td>\n\t\t\t\t\t\t\t\t\t\t\t\t\t\t\t\t\t\t\t\t\t\t\t\t\n\t\t\t\t\t\t\t<td class=\"wd-table-cell elementor-repeater-item-6fdaece\" colspan=\"1\" rowspan=\"1\">\n\t\t\t\t\t\t\t\t<p>--<\/p>\t\t\t\t\t\t\t<\/td>\n\t\t\t\t\t\t\t\t\t\t\t\t\t\t\t\t\t\t\t\t\t\t\t\t\t\t\t\t\t\t\t\t<\/tr>\n\t\t\t\t\t\t\t\t<tr class=\"wd-table-row elementor-repeater-item-4f90d17\">\n\t\t\t\t\t\t\t\t\t\t\t\t\t\t\t\t\t\t\t\t\t\t\t\t\t\t\t\t\t\t\t\n\t\t\t\t\t\t\t<td class=\"wd-table-cell elementor-repeater-item-00c7e0e\" colspan=\"1\" rowspan=\"1\">\n\t\t\t\t\t\t\t\t<p>Bioflavonoide aus Zitrusfr\u00fcchten<\/p>\t\t\t\t\t\t\t<\/td>\n\t\t\t\t\t\t\t\t\t\t\t\t\t\t\t\t\t\t\t\t\t\t\t\t\n\t\t\t\t\t\t\t<td class=\"wd-table-cell elementor-repeater-item-f2d0dfa\" colspan=\"1\" rowspan=\"1\">\n\t\t\t\t\t\t\t\t<p>10 mg<\/p>\t\t\t\t\t\t\t<\/td>\n\t\t\t\t\t\t\t\t\t\t\t\t\t\t\t\t\t\t\t\t\t\t\t\t\n\t\t\t\t\t\t\t<td class=\"wd-table-cell elementor-repeater-item-268a1ad\" colspan=\"1\" rowspan=\"1\">\n\t\t\t\t\t\t\t\t<p>--<\/p>\t\t\t\t\t\t\t<\/td>\n\t\t\t\t\t\t\t\t\t\t\t\t\t\t\t\t\t\t\t\t\t\t\t\t\t\t\t\t\t\t\t\t<\/tr>\n\t\t\t\t\t\t\t\t<tr class=\"wd-table-row elementor-repeater-item-d834141\">\n\t\t\t\t\t\t\t\t\t\t\t\t\t\t\t\t\t\t\t\t\t\t\t\t\t\t\t\t\t\t\t\n\t\t\t\t\t\t\t<td class=\"wd-table-cell elementor-repeater-item-41c4ecd\" colspan=\"1\" rowspan=\"1\">\n\t\t\t\t\t\t\t\t<p>L-Arginin<\/p>\t\t\t\t\t\t\t<\/td>\n\t\t\t\t\t\t\t\t\t\t\t\t\t\t\t\t\t\t\t\t\t\t\t\t\n\t\t\t\t\t\t\t<td class=\"wd-table-cell elementor-repeater-item-91748bd\" colspan=\"1\" rowspan=\"1\">\n\t\t\t\t\t\t\t\t<p>20 mg<\/p>\t\t\t\t\t\t\t<\/td>\n\t\t\t\t\t\t\t\t\t\t\t\t\t\t\t\t\t\t\t\t\t\t\t\t\n\t\t\t\t\t\t\t<td class=\"wd-table-cell elementor-repeater-item-3935294\" colspan=\"1\" rowspan=\"1\">\n\t\t\t\t\t\t\t\t<p>--<\/p>\t\t\t\t\t\t\t<\/td>\n\t\t\t\t\t\t\t\t\t\t\t\t\t\t\t\t\t\t\t\t\t\t\t\t\t\t\t\t\t\t\t\t<\/tr>\n\t\t\t\t\t\t\t\t<tr class=\"wd-table-row elementor-repeater-item-0104d14\">\n\t\t\t\t\t\t\t\t\t\t\t\t\t\t\t\t\t\t\t\t\t\t\t\t\t\t\t\t\t\t\t\n\t\t\t\t\t\t\t<td class=\"wd-table-cell elementor-repeater-item-3032ed3\" colspan=\"1\" rowspan=\"1\">\n\t\t\t\t\t\t\t\t<p>Vitamin A (2666 IU)<\/p>\t\t\t\t\t\t\t<\/td>\n\t\t\t\t\t\t\t\t\t\t\t\t\t\t\t\t\t\t\t\t\t\t\t\t\n\t\t\t\t\t\t\t<td class=\"wd-table-cell elementor-repeater-item-63eeb8a\" colspan=\"1\" rowspan=\"1\">\n\t\t\t\t\t\t\t\t<p>800 \u00b5g RE<\/p>\t\t\t\t\t\t\t<\/td>\n\t\t\t\t\t\t\t\t\t\t\t\t\t\t\t\t\t\t\t\t\t\t\t\t\n\t\t\t\t\t\t\t<td class=\"wd-table-cell elementor-repeater-item-11dcd6e\" colspan=\"1\" rowspan=\"1\">\n\t\t\t\t\t\t\t\t<p>100<\/p>\t\t\t\t\t\t\t<\/td>\n\t\t\t\t\t\t\t\t\t\t\t\t\t\t\t\t\t\t\t\t\t\t\t\t\t\t\t\t\t\t\t\t<\/tr>\n\t\t\t\t\t\t\t\t<tr class=\"wd-table-row elementor-repeater-item-2b7f029\">\n\t\t\t\t\t\t\t\t\t\t\t\t\t\t\t\t\t\t\t\t\t\t\t\t\t\t\t\t\t\t\t\n\t\t\t\t\t\t\t<td class=\"wd-table-cell elementor-repeater-item-7304c80\" colspan=\"1\" rowspan=\"1\">\n\t\t\t\t\t\t\t\t<p>Vitamin C<\/p>\t\t\t\t\t\t\t<\/td>\n\t\t\t\t\t\t\t\t\t\t\t\t\t\t\t\t\t\t\t\t\t\t\t\t\n\t\t\t\t\t\t\t<td class=\"wd-table-cell elementor-repeater-item-5149656\" colspan=\"1\" rowspan=\"1\">\n\t\t\t\t\t\t\t\t<p>80 mg<\/p>\t\t\t\t\t\t\t<\/td>\n\t\t\t\t\t\t\t\t\t\t\t\t\t\t\t\t\t\t\t\t\t\t\t\t\n\t\t\t\t\t\t\t<td class=\"wd-table-cell elementor-repeater-item-ce0c9d2\" colspan=\"1\" rowspan=\"1\">\n\t\t\t\t\t\t\t\t<p>100<\/p>\t\t\t\t\t\t\t<\/td>\n\t\t\t\t\t\t\t\t\t\t\t\t\t\t\t\t\t\t\t\t\t\t\t\t\t\t\t\t\t\t\t\t<\/tr>\n\t\t\t\t\t\t\t\t<tr class=\"wd-table-row elementor-repeater-item-15a5d1b\">\n\t\t\t\t\t\t\t\t\t\t\t\t\t\t\t\t\t\t\t\t\t\t\t\t\t\t\t\t\t\t\t\n\t\t\t\t\t\t\t<td class=\"wd-table-cell elementor-repeater-item-9923940\" colspan=\"1\" rowspan=\"1\">\n\t\t\t\t\t\t\t\t<p>Niacin (Vitamin B3)<\/p>\t\t\t\t\t\t\t<\/td>\n\t\t\t\t\t\t\t\t\t\t\t\t\t\t\t\t\t\t\t\t\t\t\t\t\n\t\t\t\t\t\t\t<td class=\"wd-table-cell elementor-repeater-item-d19762b\" colspan=\"1\" rowspan=\"1\">\n\t\t\t\t\t\t\t\t<p>36 mg NE<\/p>\t\t\t\t\t\t\t<\/td>\n\t\t\t\t\t\t\t\t\t\t\t\t\t\t\t\t\t\t\t\t\t\t\t\t\n\t\t\t\t\t\t\t<td class=\"wd-table-cell elementor-repeater-item-2c7653d\" colspan=\"1\" rowspan=\"1\">\n\t\t\t\t\t\t\t\t<p>225<\/p>\t\t\t\t\t\t\t<\/td>\n\t\t\t\t\t\t\t\t\t\t\t\t\t\t\t\t\t\t\t\t\t\t\t\t\t\t\t\t\t\t\t\t<\/tr>\n\t\t\t\t\t\t\t\t<tr class=\"wd-table-row elementor-repeater-item-05c6bbb\">\n\t\t\t\t\t\t\t\t\t\t\t\t\t\t\t\t\t\t\t\t\t\t\t\t\t\t\t\t\t\t\t\n\t\t\t\t\t\t\t<td class=\"wd-table-cell elementor-repeater-item-f1c2021\" colspan=\"1\" rowspan=\"1\">\n\t\t\t\t\t\t\t\t<p>Eisen<\/p>\t\t\t\t\t\t\t<\/td>\n\t\t\t\t\t\t\t\t\t\t\t\t\t\t\t\t\t\t\t\t\t\t\t\t\n\t\t\t\t\t\t\t<td class=\"wd-table-cell elementor-repeater-item-103d94e\" colspan=\"1\" rowspan=\"1\">\n\t\t\t\t\t\t\t\t<p>6 mg<\/p>\t\t\t\t\t\t\t<\/td>\n\t\t\t\t\t\t\t\t\t\t\t\t\t\t\t\t\t\t\t\t\t\t\t\t\n\t\t\t\t\t\t\t<td class=\"wd-table-cell elementor-repeater-item-6727372\" colspan=\"1\" rowspan=\"1\">\n\t\t\t\t\t\t\t\t<p>43<\/p>\t\t\t\t\t\t\t<\/td>\n\t\t\t\t\t\t\t\t\t\t\t\t\t\t\t\t\t\t\t\t\t\t\t\t\t\t\t\t\t\t\t\t<\/tr>\n\t\t\t\t\t\t\t\t<tr class=\"wd-table-row elementor-repeater-item-6a8a33f\">\n\t\t\t\t\t\t\t\t\t\t\t\t\t\t\t\t\t\t\t\t\t\t\t\t\t\t\t\t\t\t\t\n\t\t\t\t\t\t\t<td class=\"wd-table-cell elementor-repeater-item-807ce5e\" colspan=\"1\" rowspan=\"1\">\n\t\t\t\t\t\t\t\t<p>Kupfer<\/p>\t\t\t\t\t\t\t<\/td>\n\t\t\t\t\t\t\t\t\t\t\t\t\t\t\t\t\t\t\t\t\t\t\t\t\n\t\t\t\t\t\t\t<td class=\"wd-table-cell elementor-repeater-item-90c84cf\" colspan=\"1\" rowspan=\"1\">\n\t\t\t\t\t\t\t\t<p>1000 \u00b5g<\/p>\t\t\t\t\t\t\t<\/td>\n\t\t\t\t\t\t\t\t\t\t\t\t\t\t\t\t\t\t\t\t\t\t\t\t\n\t\t\t\t\t\t\t<td class=\"wd-table-cell elementor-repeater-item-14286fd\" colspan=\"1\" rowspan=\"1\">\n\t\t\t\t\t\t\t\t<p>100<\/p>\t\t\t\t\t\t\t<\/td>\n\t\t\t\t\t\t\t\t\t\t\t\t\t\t\t\t\t\t\t\t\t\t\t\t\t\t\t\t\t\t\t\t<\/tr>\n\t\t\t\t\t\t\t\t<tr class=\"wd-table-row elementor-repeater-item-d2385d1\">\n\t\t\t\t\t\t\t\t\t\t\t\t\t\t\t\t\t\t\t\t\t\t\t\t\t\t\t\t\t\t\t\n\t\t\t\t\t\t\t<td class=\"wd-table-cell elementor-repeater-item-4efef99\" colspan=\"1\" rowspan=\"1\">\n\t\t\t\t\t\t\t\t<p>Chrom<\/p>\t\t\t\t\t\t\t<\/td>\n\t\t\t\t\t\t\t\t\t\t\t\t\t\t\t\t\t\t\t\t\t\t\t\t\n\t\t\t\t\t\t\t<td class=\"wd-table-cell elementor-repeater-item-139aeb1\" colspan=\"1\" rowspan=\"1\">\n\t\t\t\t\t\t\t\t<p>75 \u00b5g<\/p>\t\t\t\t\t\t\t<\/td>\n\t\t\t\t\t\t\t\t\t\t\t\t\t\t\t\t\t\t\t\t\t\t\t\t\n\t\t\t\t\t\t\t<td class=\"wd-table-cell elementor-repeater-item-b6849ae\" colspan=\"1\" rowspan=\"1\">\n\t\t\t\t\t\t\t\t<p>100<\/p>\t\t\t\t\t\t\t<\/td>\n\t\t\t\t\t\t\t\t\t\t\t\t\t\t\t\t<\/tr>\n\t\t\t\t<\/tbody>\n\t\t\t<\/table>\n\t\t<\/div>\n\t\t\t\t\t\t<\/div>\n\t\t\t\t<\/div>\n\t\t\t\t<div class=\"elementor-element elementor-element-8325e89 elementor-widget elementor-widget-wd_text_block\" data-id=\"8325e89\" data-element_type=\"widget\" data-e-type=\"widget\" data-widget_type=\"wd_text_block.default\">\n\t\t\t\t<div class=\"elementor-widget-container\">\n\t\t\t\t\t\t\t<div class=\"wd-text-block reset-last-child text-left\">\n\t\t\t\n\t\t\t<p>*NRV - N\u00e4hrstoffreferenzwert, \u00b5g - Mikrogramm, mg - Milligramm, IU - Internationale Einheiten.<\/p>\n\t\t\t\t\t<\/div>\n\t\t\t\t\t\t<\/div>\n\t\t\t\t<\/div>\n\t\t\t\t<\/div>\n\t\t<div class=\"elementor-element elementor-element-58151df e-con-full e-flex e-con e-child\" data-id=\"58151df\" data-element_type=\"container\" data-e-type=\"container\">\n\t\t\t\t<div class=\"elementor-element elementor-element-231223f elementor-hidden-desktop elementor-hidden-tablet elementor-hidden-mobile_extra elementor-hidden-mobile elementor-widget elementor-widget-wd_text_block\" data-id=\"231223f\" data-element_type=\"widget\" data-e-type=\"widget\" data-widget_type=\"wd_text_block.default\">\n\t\t\t\t<div class=\"elementor-widget-container\">\n\t\t\t\t\t\t\t<div class=\"wd-text-block reset-last-child text-left\">\n\t\t\t\n\t\t\t<h4>Zutaten<\/h4><p>F\u00fcllstoff: Mikrokristalline Cellulose, Magnesiumoxid, Vitamin C (Ascorbins\u00e4ure), L-Carnitin-Tartrat, Zinksulfat, Vitamin E (D-Alpha-Tocopheryls\u00e4ure-Succinat) (aus Soja), Tabletten\u00fcberzug: (Hydroxypropylmethylcellulose, Polydextrose, mittelkettige Triglyceride, gereinigter Talk, Farbstoffe [Calciumcarbonat, Eisenoxide]), Niacin (als Nicotinamid), L-Arginin, Thiamin (Vitamin B1 als Mononitrat), Para-Amino-Benzoes\u00e4ure, Siliciumdioxid, L-Methionin, Eisenfumarat, Bioflavonoide aus Zitrusfr\u00fcchten, Pantothens\u00e4ure (als Calciumsalz), Vitamin B6 (Pyridoxin HCl), Beta-Carotin, Vitamin A (Acetat), Mangansulfat, Antiklumpmittel: Siliciumdioxid &amp; Magnesiumstearat, Riboflavin, Hydroxypropylmethylcellulose, Vitamin D3 (Cholecalciferol), sibirischer Ginsengextrakt, Kupfersulfat, Coenzym Q10, Fols\u00e4ure (als Pteroylmonoglutamins\u00e4ure), Natriumselenat, Chromtrichlorid, Kaliumjodid, Biotin, Vitamin B12 (als Cyanocobalamin).<\/p><p>Allergiehinweis: Allergene finden Sie unter den fett gedruckten Zutaten.<\/p>\n\t\t\t\t\t<\/div>\n\t\t\t\t\t\t<\/div>\n\t\t\t\t<\/div>\n\t\t\t\t<\/div>\n\t\t\t\t\t<\/div>\n\t\t\t\t<\/div>\n\t\t<div class=\"wd-negative-gap elementor-element elementor-element-4421aed e-flex e-con-boxed e-con e-parent\" data-id=\"4421aed\" data-element_type=\"container\" data-e-type=\"container\">\n\t\t\t\t\t<div class=\"e-con-inner\">\n\t\t\t\t<div class=\"elementor-element elementor-element-9bbb3b5 elementor-widget elementor-widget-wd_text_block\" data-id=\"9bbb3b5\" data-element_type=\"widget\" data-e-type=\"widget\" data-widget_type=\"wd_text_block.default\">\n\t\t\t\t<div class=\"elementor-widget-container\">\n\t\t\t\t\t\t\t<div class=\"wd-text-block reset-last-child text-left\">\n\t\t\t\n\t\t\t<h3>Kombinieren Sie Losebig Spray mit Losebig Caps f\u00fcr 100%igen Erfolg!<\/h3><p>Tanken Sie weniger Lebensmittel, genie\u00dfen Sie ein Leben mit weniger Gewicht<\/p><p>Losebig Caps ist der Bruder von Losebig Spray und erg\u00e4nzt Ihre Bem\u00fchungen um ein normales Gewicht, um ein Leben mit weniger Problemen und um ein angenehmeres Leben.<\/p><p>W\u00e4hrend Spay Hei\u00dfhunger, emotionale Bulimie und das Verlangen nach Junk-Snacks reduziert, die f\u00fcr 50% der \u00fcbersch\u00fcssigen Kalorien verantwortlich sind, die der K\u00f6rper zwischen den Mahlzeiten aufnimmt, ohne sie zu ben\u00f6tigen, was zu \u00dcbergewicht f\u00fchrt, deckt Losebig Caps mit seiner einzigartigen Zusammensetzung das \u00fcberm\u00e4\u00dfige Essen von Mengen w\u00e4hrend der Mahlzeiten und die anderen 50% der \u00fcbersch\u00fcssigen Kalorien ab.<\/p><h3><strong>Bei Einnahme von zwei Kapseln Losebig Caps 30 Minuten vor der Mahlzeit ist der Erfolg 100%ig<\/strong><\/h3><p>Wie es funktioniert<\/p><p>MIT GLUCOMANNAN \/ APFELESSIG \/ BERBERIN \/ INGWER \/ ZICHORIE<\/p><p>Losebig Caps enth\u00e4lt zugelassene Inhaltsstoffe wie Berberin, Psillium, Jujuba, Apfelsaft und Glucomannan, die laut der offiziellen EFSA-Richtlinie bei der Einnahme von zwei Kapseln mit 1000 mg vor einer Mahlzeit helfen, das K\u00f6rpergewicht zu reduzieren.<\/p><p>Glucomannan ist ein Ballaststoff, der aus der Wurzel der Konjak-Pflanze (Amorphophallus konjac) gewonnen wird, einer mehrj\u00e4hrigen Pflanze, die in S\u00fcdostasien und Afrika w\u00e4chst.<\/p><p>Glucomannan ist eine reichhaltige Quelle f\u00fcr l\u00f6sliche Ballaststoffe, die sich positiv auf das Verdauungssystem auswirken und fast keine Kalorien enthalten. Als Nahrungserg\u00e4nzungsmittel wird Glucomannan offiziell zur Behandlung von Fettleibigkeit eingesetzt. <\/p><p>Es hat eine wichtige physikochemische Eigenschaft wie die Wasseraufnahme. Diese Eigenschaft l\u00e4sst ihn im Magen aufquellen, so dass wir uns satt und zufrieden f\u00fchlen. <\/p><p>Er ist eine Art nicht-ionischer hydrokolloidaler Ballaststoff und besteht aus D-Mannose und D-Glucose, die durch \u03b2-1,4 glykosidische Bindungen in einem Molverh\u00e4ltnis von 1:1,6-1:1,4 verbunden sind. Au\u00dferdem gibt es Acetylgruppen an zuf\u00e4lligen Positionen entlang des Molek\u00fcls. Das Molekulargewicht von Glucomannan reicht bis zu 2 000 000, je nach Extraktionsverfahren.  <\/p><p>Glucomannan kann eine Schicht um die Nahrung bilden und so die Aufnahme von Cholesterin und Gallens\u00e4uren hemmen. Au\u00dferdem bildet es einen Schutzfilm auf der Darmwand und verl\u00e4ngert die Verweildauer der Nahrung im Magen. Dar\u00fcber hinaus reinigen Ballaststoffe den Magen und entfernen Giftstoffe durch die peristaltische Bewegung des Darms. Da sie effektiv Wasser absorbieren und wenig Kalorien enthalten, f\u00f6rdern sie das S\u00e4ttigungsgef\u00fchl und reduzieren den Hunger.   <\/p><h3><strong>Wenn Sie abnehmen und normal zunehmen wollen, m\u00fcssen Sie ehrlich zu sich selbst sein.<\/strong><\/h3><p>Das Ergebnis ist garantiert. Tun Sie es einfach! <\/p><p>\"F\u00fcr diejenigen, die sich bem\u00fchen, f\u00fcr diejenigen, die entt\u00e4uscht sind, f\u00fcr diejenigen, die Hoffnung haben und f\u00fcr diejenigen, die Kraft brauchen, um ihr Ziel zu erreichen und sich gut zu f\u00fchlen\"<\/p><h3><strong>Kombinieren Sie Losebig Caps mit Losebig Spray und nehmen Sie vom ersten Tag an ab<\/strong><\/h3>\n\t\t\t\t\t<\/div>\n\t\t\t\t\t\t<\/div>\n\t\t\t\t<\/div>\n\t\t\t\t\t<\/div>\n\t\t\t\t<\/div>\n\t\t\t\t<\/div>\n\t\t","protected":false},"excerpt":{"rendered":"<p>Kombinieren Sie <strong>Losebig Spray<\/strong> mit <strong>Losebig Caps<\/strong> f\u00fcr 100%igen Erfolg!<\/p>\n<p data-pm-slice=\"1 3 []\"><strong>LoseBiG Kapseln<\/strong><\/p>\n<p>LoseBiG-Kapseln werden eingenommen  <strong>30 Minuten vor der Hauptmahlzeit<\/strong>, mit  <strong>zwei Gl\u00e4ser Wasser<\/strong>.<\/p>\n<p>Pr\u00e4prandiale Verabreichung:<\/p>\n<ol class=\"ProsemirrorEditor-list\">\n<li class=\"ProsemirrorEditor-listItem\" data-list-indent=\"1\" data-list-type=\"bulleted\">tr\u00e4gt zur <strong>fr\u00fchen Aktivierung der S\u00e4ttigungsmechanismen<\/strong> bei,<\/li>\n<li class=\"ProsemirrorEditor-listItem\" data-list-indent=\"1\" data-list-type=\"bulleted\">reduziert \u00fcberm\u00e4\u00dfiges Essen,<\/li>\n<li class=\"ProsemirrorEditor-listItem\" data-list-indent=\"1\" data-list-type=\"bulleted\">macht es einfacher, die Portionen um etwa <strong>40-50%<\/strong> zu reduzieren, ohne sich entbehrungsreich zu f\u00fchlen. (Legen Sie nur halb so viel Essen auf Ihren Teller wie fr\u00fcher). <\/li>\n<\/ol>\n","protected":false},"featured_media":86561,"comment_status":"open","ping_status":"closed","template":"","meta":[],"product_brand":[],"product_cat":[199,200,201],"product_tag":[],"class_list":{"0":"post-29084","1":"product","2":"type-product","3":"status-publish","4":"has-post-thumbnail","6":"product_cat-alle-geschmacksrichtungen","7":"product_cat-alle-produkte","8":"product_cat-losebig-kappen","10":"first","11":"instock","12":"sale","13":"shipping-taxable","14":"purchasable","15":"product-type-simple"},"_links":{"self":[{"href":"https:\/\/losebig.gr\/de\/wp-json\/wp\/v2\/product\/29084","targetHints":{"allow":["GET"]}}],"collection":[{"href":"https:\/\/losebig.gr\/de\/wp-json\/wp\/v2\/product"}],"about":[{"href":"https:\/\/losebig.gr\/de\/wp-json\/wp\/v2\/types\/product"}],"replies":[{"embeddable":true,"href":"https:\/\/losebig.gr\/de\/wp-json\/wp\/v2\/comments?post=29084"}],"version-history":[{"count":16,"href":"https:\/\/losebig.gr\/de\/wp-json\/wp\/v2\/product\/29084\/revisions"}],"predecessor-version":[{"id":86708,"href":"https:\/\/losebig.gr\/de\/wp-json\/wp\/v2\/product\/29084\/revisions\/86708"}],"wp:featuredmedia":[{"embeddable":true,"href":"https:\/\/losebig.gr\/de\/wp-json\/wp\/v2\/media\/86561"}],"wp:attachment":[{"href":"https:\/\/losebig.gr\/de\/wp-json\/wp\/v2\/media?parent=29084"}],"wp:term":[{"taxonomy":"product_brand","embeddable":true,"href":"https:\/\/losebig.gr\/de\/wp-json\/wp\/v2\/product_brand?post=29084"},{"taxonomy":"product_cat","embeddable":true,"href":"https:\/\/losebig.gr\/de\/wp-json\/wp\/v2\/product_cat?post=29084"},{"taxonomy":"product_tag","embeddable":true,"href":"https:\/\/losebig.gr\/de\/wp-json\/wp\/v2\/product_tag?post=29084"}],"curies":[{"name":"wp","href":"https:\/\/api.w.org\/{rel}","templated":true}]}}