{"id":29287,"date":"2024-11-27T22:41:49","date_gmt":"2024-11-27T20:41:49","guid":{"rendered":"https:\/\/losebig.gr\/shop\/losebig-gruener-apfel-geschmack\/"},"modified":"2026-02-24T11:33:32","modified_gmt":"2026-02-24T09:33:32","slug":"losebig-gruener-apfel-geschmack","status":"publish","type":"product","link":"https:\/\/losebig.gr\/de\/shop\/losebig-gruener-apfel-geschmack\/","title":{"rendered":"LOSEBiG Spray Gr\u00fcner Apfel-Geschmack &#8211; Reduziert Hei\u00dfhunger &amp; Naschen"},"content":{"rendered":"<h2>100% NAT\u00dcRLICH &amp; WIRKSAM<\/h2>\n<p><strong>Sobald Sie den Hei\u00dfhunger versp\u00fcren, spr\u00fchen Sie und der Drang zum Naschen h\u00f6rt auf!<\/strong><br \/>\nAuf diese Weise nehmen Sie keine \u00fcbersch\u00fcssigen Kalorien mehr zu sich und verlieren so auf einfache und schmerzlose Weise Gewicht.<\/p>\n<h3>Das Verlangen<\/h3>\n<p>Wir alle wissen, dass das, was uns dick macht, Naschen, Naschen oder Bulimie ist, meist aus emotionalen Gr\u00fcnden (Freude, Traurigkeit, Stress). Man geht davon aus, dass etwa 50 % der Menschen regelm\u00e4\u00dfig Hei\u00dfhungerattacken haben, die ihre Bem\u00fchungen um eine gesunde Ern\u00e4hrung und ein normales Gewicht zunichte machen. <\/p>\n<p>LOSEBiG SPRAY, diese Weltneuheit von Amhes Pharma, wurde entwickelt, um mit der Kraft von Aromen, Chrom und France Lilac, der Quelle von Metformin, den &#8220;Stop-Snacking-Effekt&#8221; zu erzeugen. Alle diese Inhaltsstoffe von LOSEBiG SPRAY wirken und tragen dazu bei, den Blutzuckerspiegel auszugleichen, den Appetit und das S\u00e4ttigungsgef\u00fchl zu reduzieren und die durch das Essen entstehende Unzufriedenheit zu bek\u00e4mpfen. <\/p>\n<p>Wussten Sie, dass es wichtige Studien gibt, die zeigen, dass es appetithemmende Ger\u00fcche und Geschm\u00e4cker gibt, die uns beim Abnehmen helfen k\u00f6nnen? Lesen Sie mehr <strong><a href=\"https:\/\/losebig.gr\/de\/losebig-spray-umfragen\/\">hier<\/a><\/strong>. <\/p>\n<h3>Das Produkt ist eine echte Innovation!<\/h3>\n<p>In seiner Zusammensetzung enth\u00e4lt es neben Chrom und franz\u00f6sischem Flieder die D\u00fcfte Vanille, Minze, Banane, gr\u00fcner Apfel und Grapefruit, die laut Forschung den Appetit z\u00fcgeln und das Verlangen nach S\u00fc\u00dfigkeiten und Binging (Bulimie) reduzieren, wenn es bei der Verschlimmerung dieser Ph\u00e4nomene verwendet wird. Die Zusammensetzung von LOSEBiG SPRAY reduziert den Konsum von S\u00fc\u00dfigkeiten, das Naschen und den &#8220;Hei\u00dfhunger&#8221;. Es wirkt mit den Eigenschaften von Aromen im Hypothalamus des Gehirns, Chrom und franz\u00f6sischem Flieder.  <\/p>\n<h3>Es ist einfach und angenehm zu benutzen<\/h3>\n<p>LOSEBiG SPAY wird Sie immer begleiten, in Ihrer Tasche, in Ihrem Geldbeutel, im B\u00fcro. Es wird zu Ihrer guten Gewohnheit werden! Das Wichtigste ist, dass Sie es sofort tun.   Sobald Sie den Drang zu knabbern oder Bulimie versp\u00fcren, sollten Sie sofort 2 bis 3 Mal in den Mund spr\u00fchen. Solange Sie das tun, ist Ihr Abnehmerfolg eine Selbstverst\u00e4ndlichkeit und der Prozess wird zu einem angenehmen Spiel.<\/p>\n<p>Sie werden bespr\u00fcht &#8211; Sie sind erleichtert.<\/p>\n<p><strong>H\u00d6REN SIE JETZT AUF ZU NASCHEN!<\/strong><\/p>\n<hr>\n<p><strong>30ml \/ 1oz<br \/>\n<\/strong><\/p>\n<p>&lt;Bewahren Sie das Produkt an einem k\u00fchlen und trockenen Ort auf ( 25\u00b0C). Au\u00dferhalb der Reichweite von Kindern aufbewahren.  Nach dem \u00d6ffnen und Gebrauch des Fl\u00e4schchens kann das Produkt bis zu 6 Monate im K\u00fchlschrank oder bis zu 1 Monat bei Raumtemperatur (&lt;25\u00b0C) aufbewahrt werden.<\/p>\n","protected":false},"excerpt":{"rendered":"<p><strong>LOSEBiG Spray<\/strong> mit <strong>gr\u00fcnem Apfelgeschmack<\/strong>! Sobald Sie den Hei\u00dfhunger versp\u00fcren, spr\u00fchen Sie und die Lust am Naschen h\u00f6rt auf! Auf diese Weise nehmen Sie keine \u00fcbersch\u00fcssigen Kalorien mehr zu sich und nehmen so auf einfache und schmerzlose Weise ab.<\/p>\n","protected":false},"featured_media":29290,"comment_status":"open","ping_status":"closed","template":"","meta":[],"product_brand":[],"product_cat":[200,199,203],"product_tag":[],"class_list":{"0":"post-29287","1":"product","2":"type-product","3":"status-publish","4":"has-post-thumbnail","6":"product_cat-alle-produkte","7":"product_cat-alle-geschmacksrichtungen","8":"product_cat-losebig-spray-de","10":"first","11":"instock","12":"sale","13":"shipping-taxable","14":"purchasable","15":"product-type-simple"},"_links":{"self":[{"href":"https:\/\/losebig.gr\/de\/wp-json\/wp\/v2\/product\/29287","targetHints":{"allow":["GET"]}}],"collection":[{"href":"https:\/\/losebig.gr\/de\/wp-json\/wp\/v2\/product"}],"about":[{"href":"https:\/\/losebig.gr\/de\/wp-json\/wp\/v2\/types\/product"}],"replies":[{"embeddable":true,"href":"https:\/\/losebig.gr\/de\/wp-json\/wp\/v2\/comments?post=29287"}],"version-history":[{"count":5,"href":"https:\/\/losebig.gr\/de\/wp-json\/wp\/v2\/product\/29287\/revisions"}],"predecessor-version":[{"id":83931,"href":"https:\/\/losebig.gr\/de\/wp-json\/wp\/v2\/product\/29287\/revisions\/83931"}],"wp:featuredmedia":[{"embeddable":true,"href":"https:\/\/losebig.gr\/de\/wp-json\/wp\/v2\/media\/29290"}],"wp:attachment":[{"href":"https:\/\/losebig.gr\/de\/wp-json\/wp\/v2\/media?parent=29287"}],"wp:term":[{"taxonomy":"product_brand","embeddable":true,"href":"https:\/\/losebig.gr\/de\/wp-json\/wp\/v2\/product_brand?post=29287"},{"taxonomy":"product_cat","embeddable":true,"href":"https:\/\/losebig.gr\/de\/wp-json\/wp\/v2\/product_cat?post=29287"},{"taxonomy":"product_tag","embeddable":true,"href":"https:\/\/losebig.gr\/de\/wp-json\/wp\/v2\/product_tag?post=29287"}],"curies":[{"name":"wp","href":"https:\/\/api.w.org\/{rel}","templated":true}]}}