{"id":49108,"date":"2025-04-11T16:21:35","date_gmt":"2025-04-11T13:21:35","guid":{"rendered":"https:\/\/losebig.gr\/shop\/losebig-spray-losebig-multivitamin\/"},"modified":"2026-02-26T16:29:46","modified_gmt":"2026-02-26T14:29:46","slug":"losebig-spray-losebig-multivitamin","status":"publish","type":"product","link":"https:\/\/losebig.gr\/de\/shop\/losebig-spray-losebig-multivitamin\/","title":{"rendered":"LOSEBiG Spray + LOSEBiG Multivitamin"},"content":{"rendered":"<h3>KOMBINIEREN SIE LOSEBIG SPRAY MIT LOSEBIG MULTIVITAMIN F\u00dcR 100 % ERFOLG!<\/h3>\n<p>Tanken Sie weniger Lebensmittel, genie\u00dfen Sie ein Leben mit weniger Gewicht<\/p>\n<p>Die <strong>LOSEBIG MULTIVITAMIN<\/strong> liefert die wichtigsten Mikron\u00e4hrstoffe, einschlie\u00dflich Vitamin D, B-Vitamine, Vitamin C und K, einige essentielle Mineralien, Aminos\u00e4uren, Gel\u00e9e Royale und Pflanzenextrakte.<\/p>\n<p>W\u00e4hrend Spay Hei\u00dfhunger, emotionale Bulimie und das Verlangen nach Junk-Snacks reduziert, die f\u00fcr 50% der \u00fcbersch\u00fcssigen Kalorien verantwortlich sind, die der K\u00f6rper zwischen den Mahlzeiten aufnimmt, ohne sie zu ben\u00f6tigen, was zu \u00dcbergewicht f\u00fchrt, deckt Losebig Caps mit seiner einzigartigen Zusammensetzung das \u00fcberm\u00e4\u00dfige Essen von Mengen w\u00e4hrend der Mahlzeiten und die anderen 50% der \u00fcbersch\u00fcssigen Kalorien ab.<\/p>\n<h3>DAS RICHTIGE MULTIVITAMIN<\/h3>\n<p>Ein Multivitamin ist ein Nahrungserg\u00e4nzungsmittel, das Vitamine, Mineralien und manchmal auch andere gesundheitsf\u00f6rdernde Inhaltsstoffe kombiniert. Es gibt keine festgelegte Liste von Zutaten, aber es ist sehr wichtig, eine harmonische Kombination von Vitaminen, Spurenelementen, Kr\u00e4utern und vegetarischen Inhaltsstoffen wie in dem LOSEBIG Multivitamin zu haben, das nicht nur f\u00fcr Di\u00e4ten geeignet ist, sondern auch f\u00fcr die zus\u00e4tzliche Unterst\u00fctzung des K\u00f6rpers und in Phasen, in denen man keine spezielle Di\u00e4t macht, da wir aus der Nahrung nicht alle N\u00e4hrstoffe erhalten, die unser K\u00f6rper ben\u00f6tigt. <\/p>\n<h3>ERN\u00c4HRUNG IST WICHTIG<\/h3>\n<p>Zun\u00e4chst einmal sollte man eine ausgewogene und abwechslungsreiche Ern\u00e4hrung haben, um die wichtigen Vitamine und Mineralstoffe zu erhalten, die unser K\u00f6rper ben\u00f6tigt, um optimal zu funktionieren. Vitamine D, C und K, Ballaststoffe, Zink, Peptide und Enzyme, um nur einige zu nennen, sind alle notwendig f\u00fcr die gute geistige und k\u00f6rperliche Gesundheit. Aufgrund verschiedener Faktoren zeigen jedoch Studien, dass wir kontinuierlich hinter den empfohlenen Aufnahmen zur\u00fcckbleiben. Im Laufe der Zeit kann dies ein Risikofaktor f\u00fcr chronische Krankheiten sein, insbesondere bei \u00e4lteren Menschen. Daher ist es ratsam, die Ern\u00e4hrung mit einem gut ausgew\u00e4hlten Nahrungserg\u00e4nzungsmittel zu erg\u00e4nzen.    <\/p>\n<h3>WER KANN VON EINEM MULTIVITAMIN PROFITIEREN?<\/h3>\n<p>Wenn Ihre Ern\u00e4hrung nicht so gut ist, wie sie sein k\u00f6nnte, vielleicht aufgrund von Nahrungsmittelunvertr\u00e4glichkeiten, Allergien oder einer eingeschr\u00e4nkten Ern\u00e4hrungsauswahl, kann das LOSEBIG MULTIVITAMIN als ern\u00e4hrungsbedingtes Sicherheitsnetz dienen. Kurz gesagt, es kann f\u00fcr diejenigen n\u00fctzlich sein, die: <\/p>\n<ul>\n<li>Eine Unvertr\u00e4glichkeit oder Allergie gegen\u00fcber Lebensmitteln wie Eiern, Milchprodukten oder Weizen haben.<\/li>\n<li>Eine eingeschr\u00e4nkte pflanzenbasierte Ern\u00e4hrung folgen und alle Fleischarten vermeiden.<\/li>\n<li>Eine eingeschr\u00e4nkte Di\u00e4t aus kulturellen, ethischen oder religi\u00f6sen Gr\u00fcnden befolgen.<\/li>\n<li>Einen eingeschr\u00e4nkten Appetit haben oder Probleme beim Kauen oder Schlucken haben.<\/li>\n<li>Eine Schwangerschaft planen oder schwanger sind.<\/li>\n<li>\u00dcber 65 Jahre alt sind und eine reduzierte Aufnahme bestimmter N\u00e4hrstoffe haben k\u00f6nnten.<\/li>\n<li>Eine Di\u00e4t zur Gewichtsreduktion machen.<\/li>\n<\/ul>\n<h3>  *********<\/h3>\n<p>LOSEBIG SPRAY enth\u00e4lt 30ml und h\u00e4lt bei dynamischer Anwendung etwa 15 Tage, eine durchschnittliche Anwendung liegt bei 30 Tagen und das Maximum bei 45 Tagen. Das Positive daran ist, dass Sie es an Ihre Bed\u00fcrfnisse anpassen und nach 3 Monaten werden Sie es h\u00f6chstwahrscheinlich nicht mehr brauchen, da sich der K\u00f6rper auf die richtigen Nahrungsmengen eingestellt hat. Es ist wichtig, dass Sie es machen, wenn Sie ein starkes Verlangen (Hei\u00dfhunger) haben, etwas zu essen, obwohl Sie es nicht brauchen, es macht keinen Sinn, es nach dem Naschen zu machen.  <\/p>\n<p>Es ist auch wichtig, einige Minuten lang kein Wasser zu trinken. Sie m\u00fcssen die Inhaltsstoffe von den Speicheldr\u00fcsen im Mund aufnehmen lassen und gleichzeitig den Geschmacksknospen Zeit geben, zu arbeiten. Es macht keinen Sinn, dies nach einem Snack zu tun oder wenn Sie sofort Wasser trinken. <\/p>\n<p>F\u00fcr die Wirksamkeit der Inhaltsstoffe von LOSEBIG SPRAY gibt es zahlreiche Studien, w\u00e4hrend f\u00fcr das Produkt selbst eine sehr gro\u00dfe Studie von der HELLENIC DIETROPHOLOGICAL SOCIETY unter Dr. Dimitris Grigorakis durchgef\u00fchrt wurde, deren Ergebnisse erstaunlich sind! <\/p>\n<p>LOSEBIG CAPS enth\u00e4lt 90 Kapseln und h\u00e4lt bei der dynamischsten Einnahme, d.h. 2 Kapseln dreimal t\u00e4glich, 15 Tage, bei einer durchschnittlichen Einnahme 22 Tage und bei einer konservativen Einnahme 45 Tage lang. Nehmen Sie 2 Kapseln immer eine halbe Stunde vor einer Mahlzeit ein, um ein S\u00e4ttigungsgef\u00fchl zu erzeugen, so dass Sie weniger Nahrung zu sich nehmen und Ihr Gewicht reduzieren oder halten k\u00f6nnen. Der Inhaltsstoff hat eine offizielle Angabe der EFSA zur Gewichtsabnahme, mit der die FDA \u00fcbereinstimmt.  <\/p>\n<p><strong>Erfolg ist 100%ig<\/strong><\/p>\n<p>LOSEBIG SPRAY hilft, Hei\u00dfhungerattacken zu bek\u00e4mpfen, sodass Sie Naschereien oder stressbedingte Bulimie vermeiden k\u00f6nnen, die Sie mit 50 % der unn\u00f6tigen t\u00e4glichen Kalorien belasten. Es hilft Ihnen auch dabei, den \u00fcberm\u00e4\u00dfigen Verzehr von Mahlzeiten zu reduzieren, d. h., jemand kann statt zwei Gerichten die normale Menge, also eins oder je nach K\u00f6rpertyp oder Training, essen. Bei einer Kombination aus beidem kommt das Ergebnis zu 100 %. <\/p>\n<h3><strong>WENN SIE GESUND GEWICHT VERLIEREN UND ZUNEHMEN M\u00d6CHTEN, M\u00dcSSEN SIE EHRLICH ZU SICH SELBST SEIN.<\/strong><\/h3>\n<p>Das Ergebnis ist garantiert. Tun Sie es einfach! <\/p>\n<p>&#8220;F\u00fcr diejenigen, die sich bem\u00fchen, f\u00fcr diejenigen, die entt\u00e4uscht sind, f\u00fcr diejenigen, die Hoffnung haben und f\u00fcr diejenigen, die Kraft brauchen, um ihr Ziel zu erreichen und sich gut zu f\u00fchlen&#8221;<\/p>\n","protected":false},"excerpt":{"rendered":"<p>Kombinieren Sie <strong>Losebig Multivitamin<\/strong> mit <strong>Losebig Spray<\/strong> und beginnen Sie vom ersten Tag an mit dem Abnehmen!<\/p>\n","protected":false},"featured_media":69217,"comment_status":"closed","ping_status":"closed","template":"","meta":[],"product_brand":[],"product_cat":[199,200,217,203],"product_tag":[],"class_list":{"0":"post-49108","1":"product","2":"type-product","3":"status-publish","4":"has-post-thumbnail","6":"product_cat-alle-geschmacksrichtungen","7":"product_cat-alle-produkte","8":"product_cat-losebig-multivitamine","9":"product_cat-losebig-spray-de","11":"first","12":"instock","13":"sale","14":"shipping-taxable","15":"purchasable","16":"product-type-variable"},"_links":{"self":[{"href":"https:\/\/losebig.gr\/de\/wp-json\/wp\/v2\/product\/49108","targetHints":{"allow":["GET"]}}],"collection":[{"href":"https:\/\/losebig.gr\/de\/wp-json\/wp\/v2\/product"}],"about":[{"href":"https:\/\/losebig.gr\/de\/wp-json\/wp\/v2\/types\/product"}],"replies":[{"embeddable":true,"href":"https:\/\/losebig.gr\/de\/wp-json\/wp\/v2\/comments?post=49108"}],"version-history":[{"count":1,"href":"https:\/\/losebig.gr\/de\/wp-json\/wp\/v2\/product\/49108\/revisions"}],"predecessor-version":[{"id":69218,"href":"https:\/\/losebig.gr\/de\/wp-json\/wp\/v2\/product\/49108\/revisions\/69218"}],"wp:featuredmedia":[{"embeddable":true,"href":"https:\/\/losebig.gr\/de\/wp-json\/wp\/v2\/media\/69217"}],"wp:attachment":[{"href":"https:\/\/losebig.gr\/de\/wp-json\/wp\/v2\/media?parent=49108"}],"wp:term":[{"taxonomy":"product_brand","embeddable":true,"href":"https:\/\/losebig.gr\/de\/wp-json\/wp\/v2\/product_brand?post=49108"},{"taxonomy":"product_cat","embeddable":true,"href":"https:\/\/losebig.gr\/de\/wp-json\/wp\/v2\/product_cat?post=49108"},{"taxonomy":"product_tag","embeddable":true,"href":"https:\/\/losebig.gr\/de\/wp-json\/wp\/v2\/product_tag?post=49108"}],"curies":[{"name":"wp","href":"https:\/\/api.w.org\/{rel}","templated":true}]}}