{"id":66554,"date":"2025-06-05T12:42:01","date_gmt":"2025-06-05T09:42:01","guid":{"rendered":"https:\/\/losebig.gr\/shop\/loss-limit-bis-zu-10kg-monat-vanille-erdbeere\/"},"modified":"2026-03-12T13:40:22","modified_gmt":"2026-03-12T11:40:22","slug":"loss-limit-bis-zu-10kg-monat-vanille-erdbeere","status":"publish","type":"product","link":"https:\/\/losebig.gr\/de\/shop\/loss-limit-bis-zu-10kg-monat-vanille-erdbeere\/","title":{"rendered":"LOSS LIMIT bis zu 10kg\/Monat Vanille-Erdbeere"},"content":{"rendered":"<h2><b>\ud83d\udfe6 LOSEBiG Abnehmplan bis zu 10kg \/ Monat<\/b><\/h2>\n<p><b>Umfassendes Metabolic Reboot Programm<\/b><\/p>\n<p><span style=\"font-weight: 400;\">\ud83d\udce6 <\/span><b>Enth\u00e4lt:<\/b><b><br \/>\n<\/b><span style=\"font-weight: 400;\">  2x LOSEBiG CAPS<\/span><span style=\"font-weight: 400;\"><br \/>\n<\/span><span style=\"font-weight: 400;\">  30x LOSEBiG FULLMEAL Vanille-Erdbeere<\/span><span style=\"font-weight: 400;\"><br \/>\n<\/span><span style=\"font-weight: 400;\">  2x LOSEBiG SPRAY Schoko-Banane<\/span><b><br \/>\n<\/b><span style=\"font-weight: 400;\">  GESCHENK 1x LOSEBiG MULTIVITAMIN<\/span><\/p>\n<h3><b>\ud83d\udd39 Was ist der LOSEBiG-Plan?<\/b><\/h3>\n<p><span style=\"font-weight: 400;\">Der 10kg\/Monat Abnehmplan <\/span><b>LOSEBiG<\/b><span style=\"font-weight: 400;\"> ist ein gezieltes, wissenschaftlich untersuchtes Ern\u00e4hrungs- und Erg\u00e4nzungssystem, das entwickelt wurde, um <\/span><b>sichtbare und messbare Ergebnisse<\/b><span style=\"font-weight: 400;\">, ohne zerm\u00fcrbende Di\u00e4ten, Entbehrungen und unausgewogene Ern\u00e4hrung.<\/span><\/p>\n<p><span style=\"font-weight: 400;\">Es ist ein <\/span><b>ein komplettes Programm, um den Stoffwechsel zu reaktivieren, den Hunger zu kontrollieren, den Hei\u00dfhunger zu bek\u00e4mpfen und das S\u00e4ttigungsgef\u00fchl zu steigern<\/b><span style=\"font-weight: 400;\">, entwickelt von der <\/span><b>Amhes Pharma<\/b><span style=\"font-weight: 400;\">entwickelt, einem Pionier in der Innovation von Nahrungserg\u00e4nzungsmitteln in Griechenland.<\/span><\/p>\n<h2><b>\ud83d\udfe8 VORTEILE DES GESAMTPROGRAMMS<\/b><\/h2>\n<p><span style=\"font-weight: 400;\">\u2705 <\/span><b>Kontrollieren Sie emotionales Hungergef\u00fchl und Naschen<\/b><span style=\"font-weight: 400;\"> durch LOSEBiG SPRAY<\/span><span style=\"font-weight: 400;\"><br \/>\n<\/span> <span style=\"font-weight: 400;\"> \u2705 <\/span><b>Reduzieren Sie die Kalorienzufuhr bei den Hauptmahlzeiten<\/b><span style=\"font-weight: 400;\"> mit LOSEBiG CAPS<\/span><span style=\"font-weight: 400;\"><br \/>\n<\/span> <span style=\"font-weight: 400;\"> \u2705 <\/span><b>Integrierte Ern\u00e4hrung &amp; S\u00e4ttigung<\/b><span style=\"font-weight: 400;\"> mit FULLMEAL-Mahlzeiten, die kalorienarm sind und eine hohe Bioverf\u00fcgbarkeit aufweisen<\/span><span style=\"font-weight: 400;\"><br \/>\n<\/span> <span style=\"font-weight: 400;\"> \u2705 <\/span><b>Nahrungsmittelsicherheit und Entgiftung<\/b><span style=\"font-weight: 400;\"> durch das verbesserte Multivitamin LOSEBiG<\/span><\/p>\n<h2><b>\ud83d\udfe9 GEBRAUCHSANWEISUNG F\u00dcR DAS PRODUKT<\/b><\/h2>\n<h3><b>1) LOSEBiG CAPS (2x Packungen) &#8211; Einstellung der Mahlzeitenmenge<\/b><\/h3>\n<p><span style=\"font-weight: 400;\">Erg\u00e4nzung mit Glucomannan, Berberin, Apfelessig, Psyllium und Gingyphos<\/span><\/p>\n<p><span style=\"font-weight: 400;\">\ud83d\udccc <\/span><b>Verwenden Sie:<\/b><b><br \/>\n<\/b> <span style=\"font-weight: 400;\"> Sie erhalten <\/span><b>2 Kapseln mit einem Glas Wasser, 30 Minuten vor jeder Mahlzeit<\/b><span style=\"font-weight: 400;\">, <\/span><b>3 Mal t\u00e4glich<\/b><span style=\"font-weight: 400;\"> x 2 Kapseln [wenn Sie 3 Mahlzeiten einnehmen]. <\/span> <span style=\"font-weight: 400;\"><br \/>\n<\/span><span style=\"font-weight: 400;\">Glucomannan absorbiert Fl\u00fcssigkeit. Diese Eigenschaft l\u00e4sst es im Magen aufquellen, so dass wir uns voll und ges\u00e4ttigt f\u00fchlen und weniger Nahrung zu uns nehmen. Seine Wirkung wird durch die anderen Wirkstoffe erg\u00e4nzt, die die Verdauung f\u00f6rdern, den Blutzuckerspiegel regulieren und zur Entgiftung des Darms beitragen.  <\/span><\/p>\n<h3><b>2) LOSEBiG SPRAY (2x) &#8211; H\u00f6ren Sie auf zu naschen!<\/b><\/h3>\n<p><span style=\"font-weight: 400;\">Spray gegen Hei\u00dfhunger und emotionales Naschen<\/span><\/p>\n<p><span style=\"font-weight: 400;\">\ud83d\udccc <\/span><b>Anwendung: Bis zu 12 Spr\u00fchst\u00f6\u00dfe pro Tag.<\/b><b><br \/>\n<\/b> <span style=\"font-weight: 400;\"> Spr\u00fchen Sie <\/span><b>2 bis 3 Mal in den Mund<\/b><span style=\"font-weight: 400;\"> sobald ein starkes Verlangen nach Essen au\u00dferhalb der Mahlzeiten auftritt (z.B. Hei\u00dfhunger auf S\u00fc\u00dfigkeiten, bulimische Episoden, Angstzust\u00e4nde).<\/span><span style=\"font-weight: 400;\"><br \/>\n<\/span> <span style=\"font-weight: 400;\"> Wiederholen Sie dies bis zu <\/span><b>5 Mal am Tag<\/b><span style=\"font-weight: 400;\">.<\/span><\/p>\n<p><span style=\"font-weight: 400;\">Wenn Sie ein paar Stunden nach dem Spr\u00fchen wieder Hei\u00dfhunger versp\u00fcren, wiederholen Sie den Vorgang mit einem weiteren Spr\u00fchsto\u00df.<\/span><\/p>\n<p><span style=\"font-weight: 400;\"><br \/>\n<\/span><span style=\"font-weight: 400;\">  Praktisch und einfach zu benutzen, Sie k\u00f6nnen es immer in Ihrer Tasche, im B\u00fcro oder im Auto dabei haben.<\/span><\/p>\n<h3><b>3) LOSEBiG FULLMEAL Vanille-Erdbeere (30x) &#8211; Umfassende EXZELLENTE Mahlzeit  <\/b><\/h3>\n<p><span style=\"font-weight: 400;\">Fertiggetr\u00e4nk mit 332 kcal, 40 g Eiwei\u00df, reich an Ballaststoffen und Mikron\u00e4hrstoffen und Vitaminen [B12, D3, E]<\/span><\/p>\n<p><span style=\"font-weight: 400;\">\ud83d\udccc <\/span><b>Verwenden Sie:<\/b><b><br \/>\n<\/b> <span style=\"font-weight: 400;\"> Mischen Sie 1 Dosis (pro Packung) mit <\/span><b>500ml Wasser<\/b><span style=\"font-weight: 400;\">  (kalt oder hei\u00df). Gut sch\u00fctteln und sofort verzehren. <\/span><span style=\"font-weight: 400;\"><br \/>\n<\/span><span style=\"font-weight: 400;\">  Es ist kein Ersatz. Es ist die EXTRA-Mahlzeit mit mehr Vitaminen, als Sie von Ihrer normalen Mahlzeit bekommen w\u00fcrden! <\/span><\/p>\n<p><span style=\"font-weight: 400;\">Jede Portion bietet eine vollst\u00e4ndige N\u00e4hrstoffversorgung und h\u00e4lt Sie <\/span><b>f\u00fcr bis zu 5 Stunden satt<\/b><span style=\"font-weight: 400;\">ohne unn\u00f6tige Kalorien oder Fett.<\/span><\/p>\n<p><span style=\"font-weight: 400;\">Ersetzen Sie die kalorienreichste Mahlzeit des Tages durch 1 Full Meal Smart Mahlzeit und Sie werden SEHR viel mehr Ergebnisse sehen!<\/span><\/p>\n<h3><b>5. das LOSEBiG MULTIVITAMIN (1x) &#8211; Aktivierung, Panzerung, Entgiftung<\/b><\/h3>\n<p><span style=\"font-weight: 400;\">Verbesserte Formel mit Gel\u00e9e Royale, Ginseng, Chlorophyll, Q10 und NAD<\/span><\/p>\n<p><span style=\"font-weight: 400;\">\ud83d\udccc <\/span><b>Verwenden Sie:<\/b><b><br \/>\n<\/b> <span style=\"font-weight: 400;\"> Sie erhalten <\/span><b>1 Kapsel t\u00e4glich<\/b><span style=\"font-weight: 400;\">, vorzugsweise <\/span><b>zum Fr\u00fchst\u00fcck<\/b><span style=\"font-weight: 400;\">.<\/span><span style=\"font-weight: 400;\"><br \/>\n<\/span><span style=\"font-weight: 400;\">  Die Formel sorgt f\u00fcr einen Energieschub, unterst\u00fctzt den Stoffwechsel und wirkt entgiftend &#8211; besonders wichtig bei einer Gewichtsabnahme, bei der Giftstoffe aus dem Fettgewebe freigesetzt werden.<\/span><\/p>\n<h2><b>\ud83d\udccd Anmerkungen<\/b><\/h2>\n<ul>\n<li style=\"font-weight: 400;\" aria-level=\"1\"><span style=\"font-weight: 400;\">An <\/span><b>\u00fcberschreiten Sie nicht<\/b><span style=\"font-weight: 400;\"> die empfohlene Tagesdosis.<\/span><\/li>\n<\/ul>\n<p><span style=\"font-weight: 400;\">Konsultieren Sie vor der Anwendung Ihren Arzt, wenn Sie <\/span><b>schwanger sind, stillen oder Medikamente einnehmen<\/b><span style=\"font-weight: 400;\">.<\/span><span style=\"font-weight: 400;\"><br \/>\n<\/span><\/p>\n","protected":false},"excerpt":{"rendered":"<p>Abnehmplan bis zu 10kg in 1 Monat<\/p>\n<p>2 x Losebig 90 Kapseln<\/p>\n<p>30 x vollwertige Mahlzeiten Vanille &#8211; Erdbeere<\/p>\n<p>2 x Losebig Spr\u00fchschokolade &#8211; Banane<\/p>\n<p data-pm-slice=\"1 3 []\"><strong>LoseBiG Kapseln<\/strong><\/p>\n<p>LoseBiG-Kapseln werden eingenommen  <strong>30 Minuten vor der Hauptmahlzeit<\/strong>, mit  <strong>zwei Gl\u00e4ser Wasser<\/strong>.<\/p>\n<p>Pr\u00e4prandiale Verabreichung:<\/p>\n<ol class=\"ProsemirrorEditor-list\">\n<li class=\"ProsemirrorEditor-listItem\" data-list-indent=\"1\" data-list-type=\"bulleted\">tr\u00e4gt zur <strong>fr\u00fchen Aktivierung der S\u00e4ttigungsmechanismen<\/strong> bei,<\/li>\n<li class=\"ProsemirrorEditor-listItem\" data-list-indent=\"1\" data-list-type=\"bulleted\">reduziert \u00fcberm\u00e4\u00dfiges Essen,<\/li>\n<li class=\"ProsemirrorEditor-listItem\" data-list-indent=\"1\" data-list-type=\"bulleted\">macht es einfacher, die Portionen um etwa <strong>40-50%<\/strong> zu reduzieren, ohne sich entbehrungsreich zu f\u00fchlen. (Legen Sie nur halb so viel Essen auf Ihren Teller wie fr\u00fcher). <\/li>\n<\/ol>\n<p>+ GRATIS Losebig Multivitamin<\/p>\n","protected":false},"featured_media":58848,"comment_status":"closed","ping_status":"closed","template":"","meta":[],"product_brand":[],"product_cat":[200,231,217,203,201],"product_tag":[],"class_list":{"0":"post-66554","1":"product","2":"type-product","3":"status-publish","4":"has-post-thumbnail","6":"product_cat-alle-produkte","7":"product_cat-losebig-fullmeals-de","8":"product_cat-losebig-multivitamine","9":"product_cat-losebig-spray-de","10":"product_cat-losebig-kappen","12":"first","13":"instock","14":"sale","15":"shipping-taxable","16":"purchasable","17":"product-type-simple"},"_links":{"self":[{"href":"https:\/\/losebig.gr\/de\/wp-json\/wp\/v2\/product\/66554","targetHints":{"allow":["GET"]}}],"collection":[{"href":"https:\/\/losebig.gr\/de\/wp-json\/wp\/v2\/product"}],"about":[{"href":"https:\/\/losebig.gr\/de\/wp-json\/wp\/v2\/types\/product"}],"replies":[{"embeddable":true,"href":"https:\/\/losebig.gr\/de\/wp-json\/wp\/v2\/comments?post=66554"}],"version-history":[{"count":2,"href":"https:\/\/losebig.gr\/de\/wp-json\/wp\/v2\/product\/66554\/revisions"}],"predecessor-version":[{"id":86548,"href":"https:\/\/losebig.gr\/de\/wp-json\/wp\/v2\/product\/66554\/revisions\/86548"}],"wp:featuredmedia":[{"embeddable":true,"href":"https:\/\/losebig.gr\/de\/wp-json\/wp\/v2\/media\/58848"}],"wp:attachment":[{"href":"https:\/\/losebig.gr\/de\/wp-json\/wp\/v2\/media?parent=66554"}],"wp:term":[{"taxonomy":"product_brand","embeddable":true,"href":"https:\/\/losebig.gr\/de\/wp-json\/wp\/v2\/product_brand?post=66554"},{"taxonomy":"product_cat","embeddable":true,"href":"https:\/\/losebig.gr\/de\/wp-json\/wp\/v2\/product_cat?post=66554"},{"taxonomy":"product_tag","embeddable":true,"href":"https:\/\/losebig.gr\/de\/wp-json\/wp\/v2\/product_tag?post=66554"}],"curies":[{"name":"wp","href":"https:\/\/api.w.org\/{rel}","templated":true}]}}